{"id":1390,"date":"2012-03-17T15:37:21","date_gmt":"2012-03-17T14:37:21","guid":{"rendered":"http:\/\/gallican-montbrison.fr\/wp\/?page_id=1390"},"modified":"2013-11-02T17:23:28","modified_gmt":"2013-11-02T16:23:28","slug":"presentation-2","status":"publish","type":"page","link":"https:\/\/gallican-montbrison.fr\/wp\/?page_id=1390","title":{"rendered":"Pr\u00e9sentation de l&rsquo;Eglise"},"content":{"rendered":"<p><a href=\"http:\/\/gallican-montbrison.fr\/wp\/wp-content\/uploads\/2012\/03\/Saint-Michel.jpg\"><img loading=\"lazy\" decoding=\"async\" class=\"alignleft size-thumbnail wp-image-1469\" title=\"Saint-Michel\" alt=\"\" src=\"http:\/\/gallican-montbrison.fr\/wp\/wp-content\/uploads\/2012\/03\/Saint-Michel-150x150.jpg\" width=\"150\" height=\"150\" \/><\/a><a href=\"http:\/\/gallican-montbrison.fr\/wp\/wp-content\/uploads\/2012\/03\/DSC02434-e1332007526988.jpg\"><img loading=\"lazy\" decoding=\"async\" class=\"alignleft size-thumbnail wp-image-1451\" title=\"DSC02434\" alt=\"\" src=\"http:\/\/gallican-montbrison.fr\/wp\/wp-content\/uploads\/2012\/03\/DSC02434-e1332007526988-150x150.jpg\" width=\"150\" height=\"150\" \/><\/a><a href=\"http:\/\/gallican-montbrison.fr\/wp\/wp-content\/uploads\/2012\/03\/mont.saint_.michel.panorama.jpg\"><img loading=\"lazy\" decoding=\"async\" class=\"alignleft size-thumbnail wp-image-1474\" title=\"mont.saint.michel.panorama\" alt=\"\" src=\"http:\/\/gallican-montbrison.fr\/wp\/wp-content\/uploads\/2012\/03\/mont.saint_.michel.panorama-150x150.jpg\" width=\"150\" height=\"150\" \/><\/a><\/p>\n<p><a href=\"http:\/\/gallican-montbrison.fr\/wp\/wp-content\/uploads\/2012\/03\/DSC02439-e1332007481379.jpg\"><br \/>\n<\/a><\/p>\n<p>&nbsp;<\/p>\n<p>&nbsp;<\/p>\n<p>&nbsp;<\/p>\n<p><em><span style=\"color: #3366ff;\">Plus d&rsquo;infos &#8230; cliquez sur les liens.\u00a0<\/span><\/em><\/p>\n<p><span style=\"color: #3366ff;\"><a title=\"Pr\u00e9sentation chapelle\" href=\"http:\/\/gallican-montbrison.fr\/wp\/?page_id=6\" target=\"_blank\"><span style=\"color: #3366ff;\">Pr\u00e9sentation de la Chapelle\u00a0St Michel<\/span><\/a><\/span><\/p>\n<p style=\"text-align: justify;\">\u00ab\u00a0Un local discret, que seules signalent des fen\u00eatres \u00e0 l&rsquo;apparence de vitrail, c&rsquo;est la chapelle St Michel Archange de l&rsquo;Eglise gallicane&#8230; Il suffit de pousser la porte et le P\u00e8re Robert Mure ou son \u00e9pouse Dame Colette vous accueillent\u00a0\u00bb (<em>Extrait du quotidien \u00ab\u00a0Le Progr\u00e8s\u00a0\u00bb Sept.2009)<\/em><\/p>\n<p style=\"text-align: justify;\"><span style=\"color: #3366ff;\"><a title=\"Pr\u00e9sentation de l'Eglise\" href=\"http:\/\/gallican-montbrison.fr\/wp\/?page_id=802\" target=\"_blank\"><span style=\"color: #3366ff;\">Pr\u00e9sentation de l&rsquo;Eglise gallicane<\/span><\/a><\/span><\/p>\n<p>Conform\u00e9ment \u00e0 la loi fran\u00e7aise de\u00a01905\u00a0r\u00e8glementant la s\u00e9paration des Eglises et de l&rsquo;Etat, notre Eglise est constitu\u00e9e en Association cultuelle type\u00a0loi de 1905\u00a0enregistr\u00e9e\u00a0\u00e0 la pr\u00e9fecture de Bordeaux.<br \/>\nUne carte d&rsquo;identit\u00e9 eccl\u00e9siastique atteste de la qualit\u00e9 de membre de notre clerg\u00e9.\u00a0Celle-ci est accompagn\u00e9e d&rsquo;une lettre missoriale de l&rsquo;ann\u00e9e en cours d\u00e9livr\u00e9e par l&rsquo;\u00e9v\u00eaque.<\/p>\n<p><span style=\"color: #3366ff;\"><a title=\"Particularit\u00e9s gallicanes\" href=\"http:\/\/gallican-montbrison.fr\/wp\/?page_id=25\" target=\"_blank\"><span style=\"color: #3366ff;\">Particularit\u00e9s gallicanes<\/span><\/a><\/span><\/p>\n<p>Eglise profond\u00e9ment catholique et apostolique puisque sa succession remonte jusqu&rsquo;aux premiers Ap\u00f4tres, l&rsquo;Eglise gallicane se distingue simplement par la libert\u00e9 qu&rsquo;elle s&rsquo;est donn\u00e9e de pouvoir faire ses propres choix de soci\u00e9t\u00e9 qui lui permettent de \u00ab\u00a0coller\u00a0\u00bb avec la vie actuelle sans pour autant aller \u00e0 l&rsquo;encontre du message du Christ.<\/p>\n<p>&nbsp;<\/p>\n<p>&nbsp;<\/p>\n<p>&nbsp;<\/p>\n<p>&nbsp;<\/p>\n","protected":false},"excerpt":{"rendered":"<p>&nbsp; &nbsp; &nbsp; Plus d&rsquo;infos &#8230; cliquez sur les liens.\u00a0 Pr\u00e9sentation de la Chapelle\u00a0St Michel \u00ab\u00a0Un local discret, que seules signalent des fen\u00eatres \u00e0 l&rsquo;apparence de vitrail, c&rsquo;est la chapelle St Michel Archange de l&rsquo;Eglise gallicane&#8230; Il suffit de pousser &hellip; <a href=\"https:\/\/gallican-montbrison.fr\/wp\/?page_id=1390\">Continuer la lecture <span class=\"meta-nav\">&rarr;<\/span><\/a><\/p>\n","protected":false},"author":3,"featured_media":0,"parent":0,"menu_order":0,"comment_status":"closed","ping_status":"open","template":"","meta":{"footnotes":""},"class_list":["post-1390","page","type-page","status-publish","hentry"],"yoast_head":"<!-- This site is optimized with the Yoast SEO plugin v25.6 - https:\/\/yoast.com\/wordpress\/plugins\/seo\/ -->\n<title>Pr\u00e9sentation de l&#039;Eglise - Chapelle Saint Michel Archange Montbrison<\/title>\n<meta name=\"robots\" content=\"index, follow, max-snippet:-1, max-image-preview:large, max-video-preview:-1\" \/>\n<link rel=\"canonical\" href=\"https:\/\/gallican-montbrison.fr\/wp\/?page_id=1390\" \/>\n<meta property=\"og:locale\" content=\"fr_FR\" \/>\n<meta property=\"og:type\" content=\"article\" \/>\n<meta property=\"og:title\" content=\"Pr\u00e9sentation de l&#039;Eglise - Chapelle Saint Michel Archange Montbrison\" \/>\n<meta property=\"og:description\" content=\"&nbsp; &nbsp; &nbsp; Plus d&rsquo;infos &#8230; cliquez sur les liens.\u00a0 Pr\u00e9sentation de la Chapelle\u00a0St Michel \u00ab\u00a0Un local discret, que seules signalent des fen\u00eatres \u00e0 l&rsquo;apparence de vitrail, c&rsquo;est la chapelle St Michel Archange de l&rsquo;Eglise gallicane&#8230; Il suffit de pousser &hellip; Continuer la lecture &rarr;\" \/>\n<meta property=\"og:url\" content=\"https:\/\/gallican-montbrison.fr\/wp\/?page_id=1390\" \/>\n<meta property=\"og:site_name\" content=\"Chapelle Saint Michel Archange Montbrison\" \/>\n<meta property=\"article:publisher\" content=\"https:\/\/www.facebook.com\/people\/Eglise-Gallicane-Chapelle-Saint-Michel-Archange\/100064564306693\/\" \/>\n<meta property=\"article:modified_time\" content=\"2013-11-02T16:23:28+00:00\" \/>\n<meta property=\"og:image\" content=\"http:\/\/gallican-montbrison.fr\/wp\/wp-content\/uploads\/2012\/03\/Saint-Michel-150x150.jpg\" \/>\n<meta name=\"twitter:card\" content=\"summary_large_image\" \/>\n<meta name=\"twitter:label1\" content=\"Dur\u00e9e de lecture estim\u00e9e\" \/>\n\t<meta name=\"twitter:data1\" content=\"1 minute\" \/>\n<script type=\"application\/ld+json\" class=\"yoast-schema-graph\">{\"@context\":\"https:\/\/schema.org\",\"@graph\":[{\"@type\":\"WebPage\",\"@id\":\"https:\/\/gallican-montbrison.fr\/wp\/?page_id=1390\",\"url\":\"https:\/\/gallican-montbrison.fr\/wp\/?page_id=1390\",\"name\":\"Pr\u00e9sentation de l'Eglise - Chapelle Saint Michel Archange Montbrison\",\"isPartOf\":{\"@id\":\"https:\/\/gallican-montbrison.fr\/wp\/#website\"},\"primaryImageOfPage\":{\"@id\":\"https:\/\/gallican-montbrison.fr\/wp\/?page_id=1390#primaryimage\"},\"image\":{\"@id\":\"https:\/\/gallican-montbrison.fr\/wp\/?page_id=1390#primaryimage\"},\"thumbnailUrl\":\"http:\/\/gallican-montbrison.fr\/wp\/wp-content\/uploads\/2012\/03\/Saint-Michel-150x150.jpg\",\"datePublished\":\"2012-03-17T14:37:21+00:00\",\"dateModified\":\"2013-11-02T16:23:28+00:00\",\"breadcrumb\":{\"@id\":\"https:\/\/gallican-montbrison.fr\/wp\/?page_id=1390#breadcrumb\"},\"inLanguage\":\"fr-FR\",\"potentialAction\":[{\"@type\":\"ReadAction\",\"target\":[\"https:\/\/gallican-montbrison.fr\/wp\/?page_id=1390\"]}]},{\"@type\":\"ImageObject\",\"inLanguage\":\"fr-FR\",\"@id\":\"https:\/\/gallican-montbrison.fr\/wp\/?page_id=1390#primaryimage\",\"url\":\"https:\/\/gallican-montbrison.fr\/wp\/wp-content\/uploads\/2012\/03\/Saint-Michel.jpg\",\"contentUrl\":\"https:\/\/gallican-montbrison.fr\/wp\/wp-content\/uploads\/2012\/03\/Saint-Michel.jpg\",\"width\":\"497\",\"height\":\"624\"},{\"@type\":\"BreadcrumbList\",\"@id\":\"https:\/\/gallican-montbrison.fr\/wp\/?page_id=1390#breadcrumb\",\"itemListElement\":[{\"@type\":\"ListItem\",\"position\":1,\"name\":\"Accueil\",\"item\":\"https:\/\/gallican-montbrison.fr\/wp\"},{\"@type\":\"ListItem\",\"position\":2,\"name\":\"Pr\u00e9sentation de l&rsquo;Eglise\"}]},{\"@type\":\"WebSite\",\"@id\":\"https:\/\/gallican-montbrison.fr\/wp\/#website\",\"url\":\"https:\/\/gallican-montbrison.fr\/wp\/\",\"name\":\"Chapelle Saint Michel Archange Montbrison\",\"description\":\"Eglise Gallicane, Tradition Apostolique de Gazinet\",\"potentialAction\":[{\"@type\":\"SearchAction\",\"target\":{\"@type\":\"EntryPoint\",\"urlTemplate\":\"https:\/\/gallican-montbrison.fr\/wp\/?s={search_term_string}\"},\"query-input\":{\"@type\":\"PropertyValueSpecification\",\"valueRequired\":true,\"valueName\":\"search_term_string\"}}],\"inLanguage\":\"fr-FR\"}]}<\/script>\n<!-- \/ Yoast SEO plugin. -->","yoast_head_json":{"title":"Pr\u00e9sentation de l'Eglise - Chapelle Saint Michel Archange Montbrison","robots":{"index":"index","follow":"follow","max-snippet":"max-snippet:-1","max-image-preview":"max-image-preview:large","max-video-preview":"max-video-preview:-1"},"canonical":"https:\/\/gallican-montbrison.fr\/wp\/?page_id=1390","og_locale":"fr_FR","og_type":"article","og_title":"Pr\u00e9sentation de l'Eglise - Chapelle Saint Michel Archange Montbrison","og_description":"&nbsp; &nbsp; &nbsp; Plus d&rsquo;infos &#8230; cliquez sur les liens.\u00a0 Pr\u00e9sentation de la Chapelle\u00a0St Michel \u00ab\u00a0Un local discret, que seules signalent des fen\u00eatres \u00e0 l&rsquo;apparence de vitrail, c&rsquo;est la chapelle St Michel Archange de l&rsquo;Eglise gallicane&#8230; Il suffit de pousser &hellip; Continuer la lecture &rarr;","og_url":"https:\/\/gallican-montbrison.fr\/wp\/?page_id=1390","og_site_name":"Chapelle Saint Michel Archange Montbrison","article_publisher":"https:\/\/www.facebook.com\/people\/Eglise-Gallicane-Chapelle-Saint-Michel-Archange\/100064564306693\/","article_modified_time":"2013-11-02T16:23:28+00:00","og_image":[{"url":"http:\/\/gallican-montbrison.fr\/wp\/wp-content\/uploads\/2012\/03\/Saint-Michel-150x150.jpg","type":"","width":"","height":""}],"twitter_card":"summary_large_image","twitter_misc":{"Dur\u00e9e de lecture estim\u00e9e":"1 minute"},"schema":{"@context":"https:\/\/schema.org","@graph":[{"@type":"WebPage","@id":"https:\/\/gallican-montbrison.fr\/wp\/?page_id=1390","url":"https:\/\/gallican-montbrison.fr\/wp\/?page_id=1390","name":"Pr\u00e9sentation de l'Eglise - Chapelle Saint Michel Archange Montbrison","isPartOf":{"@id":"https:\/\/gallican-montbrison.fr\/wp\/#website"},"primaryImageOfPage":{"@id":"https:\/\/gallican-montbrison.fr\/wp\/?page_id=1390#primaryimage"},"image":{"@id":"https:\/\/gallican-montbrison.fr\/wp\/?page_id=1390#primaryimage"},"thumbnailUrl":"http:\/\/gallican-montbrison.fr\/wp\/wp-content\/uploads\/2012\/03\/Saint-Michel-150x150.jpg","datePublished":"2012-03-17T14:37:21+00:00","dateModified":"2013-11-02T16:23:28+00:00","breadcrumb":{"@id":"https:\/\/gallican-montbrison.fr\/wp\/?page_id=1390#breadcrumb"},"inLanguage":"fr-FR","potentialAction":[{"@type":"ReadAction","target":["https:\/\/gallican-montbrison.fr\/wp\/?page_id=1390"]}]},{"@type":"ImageObject","inLanguage":"fr-FR","@id":"https:\/\/gallican-montbrison.fr\/wp\/?page_id=1390#primaryimage","url":"https:\/\/gallican-montbrison.fr\/wp\/wp-content\/uploads\/2012\/03\/Saint-Michel.jpg","contentUrl":"https:\/\/gallican-montbrison.fr\/wp\/wp-content\/uploads\/2012\/03\/Saint-Michel.jpg","width":"497","height":"624"},{"@type":"BreadcrumbList","@id":"https:\/\/gallican-montbrison.fr\/wp\/?page_id=1390#breadcrumb","itemListElement":[{"@type":"ListItem","position":1,"name":"Accueil","item":"https:\/\/gallican-montbrison.fr\/wp"},{"@type":"ListItem","position":2,"name":"Pr\u00e9sentation de l&rsquo;Eglise"}]},{"@type":"WebSite","@id":"https:\/\/gallican-montbrison.fr\/wp\/#website","url":"https:\/\/gallican-montbrison.fr\/wp\/","name":"Chapelle Saint Michel Archange Montbrison","description":"Eglise Gallicane, Tradition Apostolique de Gazinet","potentialAction":[{"@type":"SearchAction","target":{"@type":"EntryPoint","urlTemplate":"https:\/\/gallican-montbrison.fr\/wp\/?s={search_term_string}"},"query-input":{"@type":"PropertyValueSpecification","valueRequired":true,"valueName":"search_term_string"}}],"inLanguage":"fr-FR"}]}},"_links":{"self":[{"href":"https:\/\/gallican-montbrison.fr\/wp\/index.php?rest_route=\/wp\/v2\/pages\/1390"}],"collection":[{"href":"https:\/\/gallican-montbrison.fr\/wp\/index.php?rest_route=\/wp\/v2\/pages"}],"about":[{"href":"https:\/\/gallican-montbrison.fr\/wp\/index.php?rest_route=\/wp\/v2\/types\/page"}],"author":[{"embeddable":true,"href":"https:\/\/gallican-montbrison.fr\/wp\/index.php?rest_route=\/wp\/v2\/users\/3"}],"replies":[{"embeddable":true,"href":"https:\/\/gallican-montbrison.fr\/wp\/index.php?rest_route=%2Fwp%2Fv2%2Fcomments&post=1390"}],"version-history":[{"count":39,"href":"https:\/\/gallican-montbrison.fr\/wp\/index.php?rest_route=\/wp\/v2\/pages\/1390\/revisions"}],"predecessor-version":[{"id":3010,"href":"https:\/\/gallican-montbrison.fr\/wp\/index.php?rest_route=\/wp\/v2\/pages\/1390\/revisions\/3010"}],"wp:attachment":[{"href":"https:\/\/gallican-montbrison.fr\/wp\/index.php?rest_route=%2Fwp%2Fv2%2Fmedia&parent=1390"}],"curies":[{"name":"wp","href":"https:\/\/api.w.org\/{rel}","templated":true}]}}