{"id":2285,"date":"2012-11-28T18:56:10","date_gmt":"2012-11-28T17:56:10","guid":{"rendered":"http:\/\/gallican-montbrison.fr\/wp\/?page_id=2285"},"modified":"2013-10-27T15:02:14","modified_gmt":"2013-10-27T14:02:14","slug":"a-votre-service-2","status":"publish","type":"page","link":"https:\/\/gallican-montbrison.fr\/wp\/?page_id=2285","title":{"rendered":"A votre service"},"content":{"rendered":"<p>&nbsp;<\/p>\n<p><a href=\"http:\/\/gallican-montbrison.fr\/wp\/wp-content\/uploads\/2012\/11\/bapteme-2.jpg\"><img loading=\"lazy\" decoding=\"async\" class=\"alignleft size-thumbnail wp-image-2303\" title=\"bapteme 2\" alt=\"\" src=\"http:\/\/gallican-montbrison.fr\/wp\/wp-content\/uploads\/2012\/11\/bapteme-2-150x150.jpg\" width=\"150\" height=\"150\" \/><\/a><\/p>\n<p><a href=\"http:\/\/gallican-montbrison.fr\/wp\/wp-content\/uploads\/2012\/11\/main-tendue.jpg\"><img loading=\"lazy\" decoding=\"async\" class=\"alignleft size-thumbnail wp-image-2297\" title=\"main tendue\" alt=\"\" src=\"http:\/\/gallican-montbrison.fr\/wp\/wp-content\/uploads\/2012\/11\/main-tendue-150x150.jpg\" width=\"150\" height=\"150\" \/><\/a><\/p>\n<p><a href=\"http:\/\/gallican-montbrison.fr\/wp\/wp-content\/uploads\/2012\/11\/mariage-3-v.jpg\"><img loading=\"lazy\" decoding=\"async\" class=\"alignleft size-thumbnail wp-image-2300\" title=\"mariage 3 v\" alt=\"\" src=\"http:\/\/gallican-montbrison.fr\/wp\/wp-content\/uploads\/2012\/11\/mariage-3-v-150x150.jpg\" width=\"150\" height=\"150\" \/><\/a><\/p>\n<p>&nbsp;<\/p>\n<p>&nbsp;<\/p>\n<p>&nbsp;<\/p>\n<p>&nbsp;<\/p>\n<p><em><span style=\"color: #3366ff;\">Plus d&rsquo;infos &#8230; cliquez sur les liens.<\/span><\/em><\/p>\n<p><span style=\"color: #3366ff;\"><a href=\"http:\/\/gallican-montbrison.fr\/wp\/?page_id=525\" target=\"_blank\"><span style=\"color: #3366ff;\">Infos pratiques<\/span><\/a><\/span><\/p>\n<p>Ici vous trouverez tout ce que nous pensons vous \u00eatre utile:\u00a0dates et heures d&rsquo;accueil \u00e0 la chapelle, cat\u00e9chisme, possibilit\u00e9s de visite \u00e0 domicile &#8230; infos g\u00e9n\u00e9rales sur les sacrements.\u00a0Si vous avez d&rsquo;autres demandes, n&rsquo;h\u00e9sitez pas \u00e0 nous en faire part. Dans la mesure de nos minist\u00e8res et de nos possibilit\u00e9s nous vous r\u00e9pondrons.<\/p>\n<p><strong><span style=\"color: #ff9900;\">TEL : 06 89 15 62 57 \u00a0 \u00a0 \u00a0 \u00a0 \u00a0 \u00a0 \u00a0 \u00a0 \u00a0 \u00a0 MAIL : chapelle@gallican-montbrison.fr<\/span><\/strong><\/p>\n<p><span style=\"color: #3366ff;\"><a title=\"horaires: messes et offices\" href=\"http:\/\/gallican-montbrison.fr\/wp\/?page_id=1419\" target=\"_blank\"><span style=\"color: #3366ff;\">Horaires: messes et offices<\/span><\/a><\/span><\/p>\n<p>Messes et Office se succ\u00e8dent \u00e0 raison d&rsquo;un par semaine. Un accueil est assur\u00e9 tous les 15 jours le Mardi de 16 \u00e0 18h&#8230;.. se reporter aux horaires des messes et offices pour plus de pr\u00e9cisions.<\/p>\n<p><span style=\"color: #3366ff;\"><a title=\"les sacrements\" href=\"http:\/\/gallican-montbrison.fr\/wp\/?page_id=259\" target=\"_blank\"><span style=\"color: #3366ff;\">Les sacrements<\/span><\/a><\/span><\/p>\n<p>Les diff\u00e9rents sacrements: pr\u00e9sentation et explications.\u00a0Les sacrements donn\u00e9s par l&rsquo;Eglise gallicane sont reconnus valides par toutes les Eglises chr\u00e9tiennes. Un livret de famille est d\u00e9livr\u00e9 pour les mariages; une attestation \u00a0pour les bapt\u00eames, communions et confirmations.<\/p>\n<p>&nbsp;<\/p>\n<div><\/div>\n","protected":false},"excerpt":{"rendered":"<p>&nbsp; &nbsp; &nbsp; &nbsp; &nbsp; Plus d&rsquo;infos &#8230; cliquez sur les liens. Infos pratiques Ici vous trouverez tout ce que nous pensons vous \u00eatre utile:\u00a0dates et heures d&rsquo;accueil \u00e0 la chapelle, cat\u00e9chisme, possibilit\u00e9s de visite \u00e0 domicile &#8230; infos g\u00e9n\u00e9rales &hellip; <a href=\"https:\/\/gallican-montbrison.fr\/wp\/?page_id=2285\">Continuer la lecture <span class=\"meta-nav\">&rarr;<\/span><\/a><\/p>\n","protected":false},"author":3,"featured_media":0,"parent":0,"menu_order":0,"comment_status":"closed","ping_status":"open","template":"","meta":{"footnotes":""},"class_list":["post-2285","page","type-page","status-publish","hentry"],"yoast_head":"<!-- This site is optimized with the Yoast SEO plugin v25.6 - https:\/\/yoast.com\/wordpress\/plugins\/seo\/ -->\n<title>A votre service - Chapelle Saint Michel Archange Montbrison<\/title>\n<meta name=\"robots\" content=\"index, follow, max-snippet:-1, max-image-preview:large, max-video-preview:-1\" \/>\n<link rel=\"canonical\" href=\"https:\/\/gallican-montbrison.fr\/wp\/?page_id=2285\" \/>\n<meta property=\"og:locale\" content=\"fr_FR\" \/>\n<meta property=\"og:type\" content=\"article\" \/>\n<meta property=\"og:title\" content=\"A votre service - Chapelle Saint Michel Archange Montbrison\" \/>\n<meta property=\"og:description\" content=\"&nbsp; &nbsp; &nbsp; &nbsp; &nbsp; Plus d&rsquo;infos &#8230; cliquez sur les liens. Infos pratiques Ici vous trouverez tout ce que nous pensons vous \u00eatre utile:\u00a0dates et heures d&rsquo;accueil \u00e0 la chapelle, cat\u00e9chisme, possibilit\u00e9s de visite \u00e0 domicile &#8230; infos g\u00e9n\u00e9rales &hellip; Continuer la lecture &rarr;\" \/>\n<meta property=\"og:url\" content=\"https:\/\/gallican-montbrison.fr\/wp\/?page_id=2285\" \/>\n<meta property=\"og:site_name\" content=\"Chapelle Saint Michel Archange Montbrison\" \/>\n<meta property=\"article:publisher\" content=\"https:\/\/www.facebook.com\/people\/Eglise-Gallicane-Chapelle-Saint-Michel-Archange\/100064564306693\/\" \/>\n<meta property=\"article:modified_time\" content=\"2013-10-27T14:02:14+00:00\" \/>\n<meta property=\"og:image\" content=\"http:\/\/gallican-montbrison.fr\/wp\/wp-content\/uploads\/2012\/11\/bapteme-2-150x150.jpg\" \/>\n<meta name=\"twitter:card\" content=\"summary_large_image\" \/>\n<meta name=\"twitter:label1\" content=\"Dur\u00e9e de lecture estim\u00e9e\" \/>\n\t<meta name=\"twitter:data1\" content=\"1 minute\" \/>\n<script type=\"application\/ld+json\" class=\"yoast-schema-graph\">{\"@context\":\"https:\/\/schema.org\",\"@graph\":[{\"@type\":\"WebPage\",\"@id\":\"https:\/\/gallican-montbrison.fr\/wp\/?page_id=2285\",\"url\":\"https:\/\/gallican-montbrison.fr\/wp\/?page_id=2285\",\"name\":\"A votre service - Chapelle Saint Michel Archange Montbrison\",\"isPartOf\":{\"@id\":\"https:\/\/gallican-montbrison.fr\/wp\/#website\"},\"primaryImageOfPage\":{\"@id\":\"https:\/\/gallican-montbrison.fr\/wp\/?page_id=2285#primaryimage\"},\"image\":{\"@id\":\"https:\/\/gallican-montbrison.fr\/wp\/?page_id=2285#primaryimage\"},\"thumbnailUrl\":\"http:\/\/gallican-montbrison.fr\/wp\/wp-content\/uploads\/2012\/11\/bapteme-2-150x150.jpg\",\"datePublished\":\"2012-11-28T17:56:10+00:00\",\"dateModified\":\"2013-10-27T14:02:14+00:00\",\"breadcrumb\":{\"@id\":\"https:\/\/gallican-montbrison.fr\/wp\/?page_id=2285#breadcrumb\"},\"inLanguage\":\"fr-FR\",\"potentialAction\":[{\"@type\":\"ReadAction\",\"target\":[\"https:\/\/gallican-montbrison.fr\/wp\/?page_id=2285\"]}]},{\"@type\":\"ImageObject\",\"inLanguage\":\"fr-FR\",\"@id\":\"https:\/\/gallican-montbrison.fr\/wp\/?page_id=2285#primaryimage\",\"url\":\"https:\/\/gallican-montbrison.fr\/wp\/wp-content\/uploads\/2012\/11\/bapteme-2.jpg\",\"contentUrl\":\"https:\/\/gallican-montbrison.fr\/wp\/wp-content\/uploads\/2012\/11\/bapteme-2.jpg\",\"width\":\"261\",\"height\":\"178\"},{\"@type\":\"BreadcrumbList\",\"@id\":\"https:\/\/gallican-montbrison.fr\/wp\/?page_id=2285#breadcrumb\",\"itemListElement\":[{\"@type\":\"ListItem\",\"position\":1,\"name\":\"Accueil\",\"item\":\"https:\/\/gallican-montbrison.fr\/wp\"},{\"@type\":\"ListItem\",\"position\":2,\"name\":\"A votre service\"}]},{\"@type\":\"WebSite\",\"@id\":\"https:\/\/gallican-montbrison.fr\/wp\/#website\",\"url\":\"https:\/\/gallican-montbrison.fr\/wp\/\",\"name\":\"Chapelle Saint Michel Archange Montbrison\",\"description\":\"Eglise Gallicane, Tradition Apostolique de Gazinet\",\"potentialAction\":[{\"@type\":\"SearchAction\",\"target\":{\"@type\":\"EntryPoint\",\"urlTemplate\":\"https:\/\/gallican-montbrison.fr\/wp\/?s={search_term_string}\"},\"query-input\":{\"@type\":\"PropertyValueSpecification\",\"valueRequired\":true,\"valueName\":\"search_term_string\"}}],\"inLanguage\":\"fr-FR\"}]}<\/script>\n<!-- \/ Yoast SEO plugin. -->","yoast_head_json":{"title":"A votre service - Chapelle Saint Michel Archange Montbrison","robots":{"index":"index","follow":"follow","max-snippet":"max-snippet:-1","max-image-preview":"max-image-preview:large","max-video-preview":"max-video-preview:-1"},"canonical":"https:\/\/gallican-montbrison.fr\/wp\/?page_id=2285","og_locale":"fr_FR","og_type":"article","og_title":"A votre service - Chapelle Saint Michel Archange Montbrison","og_description":"&nbsp; &nbsp; &nbsp; &nbsp; &nbsp; Plus d&rsquo;infos &#8230; cliquez sur les liens. Infos pratiques Ici vous trouverez tout ce que nous pensons vous \u00eatre utile:\u00a0dates et heures d&rsquo;accueil \u00e0 la chapelle, cat\u00e9chisme, possibilit\u00e9s de visite \u00e0 domicile &#8230; infos g\u00e9n\u00e9rales &hellip; Continuer la lecture &rarr;","og_url":"https:\/\/gallican-montbrison.fr\/wp\/?page_id=2285","og_site_name":"Chapelle Saint Michel Archange Montbrison","article_publisher":"https:\/\/www.facebook.com\/people\/Eglise-Gallicane-Chapelle-Saint-Michel-Archange\/100064564306693\/","article_modified_time":"2013-10-27T14:02:14+00:00","og_image":[{"url":"http:\/\/gallican-montbrison.fr\/wp\/wp-content\/uploads\/2012\/11\/bapteme-2-150x150.jpg","type":"","width":"","height":""}],"twitter_card":"summary_large_image","twitter_misc":{"Dur\u00e9e de lecture estim\u00e9e":"1 minute"},"schema":{"@context":"https:\/\/schema.org","@graph":[{"@type":"WebPage","@id":"https:\/\/gallican-montbrison.fr\/wp\/?page_id=2285","url":"https:\/\/gallican-montbrison.fr\/wp\/?page_id=2285","name":"A votre service - Chapelle Saint Michel Archange Montbrison","isPartOf":{"@id":"https:\/\/gallican-montbrison.fr\/wp\/#website"},"primaryImageOfPage":{"@id":"https:\/\/gallican-montbrison.fr\/wp\/?page_id=2285#primaryimage"},"image":{"@id":"https:\/\/gallican-montbrison.fr\/wp\/?page_id=2285#primaryimage"},"thumbnailUrl":"http:\/\/gallican-montbrison.fr\/wp\/wp-content\/uploads\/2012\/11\/bapteme-2-150x150.jpg","datePublished":"2012-11-28T17:56:10+00:00","dateModified":"2013-10-27T14:02:14+00:00","breadcrumb":{"@id":"https:\/\/gallican-montbrison.fr\/wp\/?page_id=2285#breadcrumb"},"inLanguage":"fr-FR","potentialAction":[{"@type":"ReadAction","target":["https:\/\/gallican-montbrison.fr\/wp\/?page_id=2285"]}]},{"@type":"ImageObject","inLanguage":"fr-FR","@id":"https:\/\/gallican-montbrison.fr\/wp\/?page_id=2285#primaryimage","url":"https:\/\/gallican-montbrison.fr\/wp\/wp-content\/uploads\/2012\/11\/bapteme-2.jpg","contentUrl":"https:\/\/gallican-montbrison.fr\/wp\/wp-content\/uploads\/2012\/11\/bapteme-2.jpg","width":"261","height":"178"},{"@type":"BreadcrumbList","@id":"https:\/\/gallican-montbrison.fr\/wp\/?page_id=2285#breadcrumb","itemListElement":[{"@type":"ListItem","position":1,"name":"Accueil","item":"https:\/\/gallican-montbrison.fr\/wp"},{"@type":"ListItem","position":2,"name":"A votre service"}]},{"@type":"WebSite","@id":"https:\/\/gallican-montbrison.fr\/wp\/#website","url":"https:\/\/gallican-montbrison.fr\/wp\/","name":"Chapelle Saint Michel Archange Montbrison","description":"Eglise Gallicane, Tradition Apostolique de Gazinet","potentialAction":[{"@type":"SearchAction","target":{"@type":"EntryPoint","urlTemplate":"https:\/\/gallican-montbrison.fr\/wp\/?s={search_term_string}"},"query-input":{"@type":"PropertyValueSpecification","valueRequired":true,"valueName":"search_term_string"}}],"inLanguage":"fr-FR"}]}},"_links":{"self":[{"href":"https:\/\/gallican-montbrison.fr\/wp\/index.php?rest_route=\/wp\/v2\/pages\/2285"}],"collection":[{"href":"https:\/\/gallican-montbrison.fr\/wp\/index.php?rest_route=\/wp\/v2\/pages"}],"about":[{"href":"https:\/\/gallican-montbrison.fr\/wp\/index.php?rest_route=\/wp\/v2\/types\/page"}],"author":[{"embeddable":true,"href":"https:\/\/gallican-montbrison.fr\/wp\/index.php?rest_route=\/wp\/v2\/users\/3"}],"replies":[{"embeddable":true,"href":"https:\/\/gallican-montbrison.fr\/wp\/index.php?rest_route=%2Fwp%2Fv2%2Fcomments&post=2285"}],"version-history":[{"count":18,"href":"https:\/\/gallican-montbrison.fr\/wp\/index.php?rest_route=\/wp\/v2\/pages\/2285\/revisions"}],"predecessor-version":[{"id":2986,"href":"https:\/\/gallican-montbrison.fr\/wp\/index.php?rest_route=\/wp\/v2\/pages\/2285\/revisions\/2986"}],"wp:attachment":[{"href":"https:\/\/gallican-montbrison.fr\/wp\/index.php?rest_route=%2Fwp%2Fv2%2Fmedia&parent=2285"}],"curies":[{"name":"wp","href":"https:\/\/api.w.org\/{rel}","templated":true}]}}