{"id":25,"date":"2012-02-15T21:29:02","date_gmt":"2012-02-15T20:29:02","guid":{"rendered":"http:\/\/gallican-montbrison.fr\/wp\/?page_id=25"},"modified":"2013-06-07T14:06:34","modified_gmt":"2013-06-07T12:06:34","slug":"leglise-gallicane","status":"publish","type":"page","link":"https:\/\/gallican-montbrison.fr\/wp\/?page_id=25","title":{"rendered":"Particularit\u00e9s gallicanes"},"content":{"rendered":"<p><strong><span style=\"color: #3366ff;\">1) Sa Foi catholique<\/span><\/strong><\/p>\n<p><span style=\"color: #ff6600;\">L&rsquo;Eglise gallicane est Catholique et Apostolique. En tant qu&rsquo;Eglise chr\u00e9tienne, pour y adh\u00e9rer, il faut avoir re\u00e7u le bapt\u00eame ou d\u00e9sirer le recevoir.<\/span><\/p>\n<p>En tant qu&rsquo;Eglise de tradition catholique, ses membres connaissent et admettent l&rsquo;un des \u00ab\u00a0Credo\u00a0\u00bb suivants qui contiennent les articles fondamentaux de la foi catholique:<\/p>\n<ul>\n<li>Symbole des Ap\u00f4tres<a href=\"http:\/\/gallican-montbrison.fr\/wp\/wp-content\/uploads\/2012\/02\/images-11.jpeg\"><img loading=\"lazy\" decoding=\"async\" class=\"alignright size-thumbnail wp-image-1520\" title=\"images-1\" src=\"http:\/\/gallican-montbrison.fr\/wp\/wp-content\/uploads\/2012\/02\/images-11-150x150.jpg\" alt=\"\" width=\"150\" height=\"150\" \/><\/a><\/li>\n<li>Credo de Nic\u00e9e-Constantinople<\/li>\n<\/ul>\n<p>En tant qu&rsquo;Eglise apostolique, ses membres connaissent<\/p>\n<ul>\n<li>et admettent dans leur contenu \u00a0les sept sacrements: bapt\u00eame, confirmation, r\u00e9conciliation, eucharistie, onction des malades, ordre et mariage;<\/li>\n<li>les commandements divins, lesquels sont synth\u00e9tis\u00e9s dans ce passage de l&rsquo;Evangile: \u00ab\u00a0tu aimeras ton Dieu de tout ton coeur, de toute ton \u00e2me et de tout ton esprit, et tu aimeras ton prochain comme toi-m\u00eame\u00a0\u00bb.<\/li>\n<\/ul>\n<p><strong><span style=\"color: #3366ff;\">2) Ses choix gallicans<\/span><\/strong><\/p>\n<p><span style=\"color: #ff6600;\">Ils sont la particularit\u00e9 de l&rsquo;Eglise gallicane<\/span><\/p>\n<ul>\n<li><span style=\"color: #ff6600;\">vis \u00e0 vis des hommes,\u00a0<a href=\"http:\/\/gallican-montbrison.fr\/wp\/wp-content\/uploads\/2012\/02\/ChristenGloire_17e.jpg\"><img loading=\"lazy\" decoding=\"async\" class=\"alignright size-medium wp-image-1489\" title=\"ChristenGloire_17e\" src=\"http:\/\/gallican-montbrison.fr\/wp\/wp-content\/uploads\/2012\/02\/ChristenGloire_17e-185x300.jpg\" alt=\"\" width=\"185\" height=\"300\" srcset=\"https:\/\/gallican-montbrison.fr\/wp\/wp-content\/uploads\/2012\/02\/ChristenGloire_17e-185x300.jpg 185w, https:\/\/gallican-montbrison.fr\/wp\/wp-content\/uploads\/2012\/02\/ChristenGloire_17e-634x1024.jpg 634w, https:\/\/gallican-montbrison.fr\/wp\/wp-content\/uploads\/2012\/02\/ChristenGloire_17e.jpg 731w\" sizes=\"(max-width: 185px) 100vw, 185px\" \/><\/a><\/span><\/li>\n<li><span style=\"color: #ff6600;\">de la soci\u00e9t\u00e9\u00a0<\/span><\/li>\n<li><span style=\"color: #ff6600;\">et de la vie actuelle<\/span><\/li>\n<\/ul>\n<ul>\n<li>Acceptation du mariage des pr\u00eatres et des \u00e9v\u00eaques<\/li>\n<li>Possibilit\u00e9 d&rsquo;ordination pour les personnes mari\u00e9es<\/li>\n<li>Diaconat f\u00e9minin<\/li>\n<li>Rejet de la confession obligatoire<\/li>\n<li>Administration du sacrement de communion sous les deux esp\u00e8ces<\/li>\n<li>B\u00e9n\u00e9diction ponctuelle du remariage des divorc\u00e9s<\/li>\n<li>Bannissement des excommunications<\/li>\n<li>Libert\u00e9 en mati\u00e8re de je\u00fbne et d&rsquo;abstinence<\/li>\n<li>Participation des fid\u00e8les au gouvernement de l&rsquo;Eglise<\/li>\n<li>Election des \u00e9v\u00eaques par le clerg\u00e9 et les fid\u00e8les<\/li>\n<li>Prise en consid\u00e9ration du monde animal dans la r\u00e9flexion de l&rsquo;Eglise.<\/li>\n<li>L&rsquo;Eglise gallicane et l&rsquo;avortement<\/li>\n<li>L&rsquo;Eglise gallicane et les probl\u00e8mes de couple.<\/li>\n<li>L&rsquo;Eglise gallicane et l&rsquo;euthanasie<\/li>\n<li>&#8230;<\/li>\n<\/ul>\n<p><em><span style=\"color: #0000ff;\"><span style=\"color: #3366ff;\">Retrouver les d\u00e9veloppements de tous ces th\u00e8mes sur <a title=\"site Eglise\" href=\"http:\/\/www.gallican.org\/eglexpl.htm\" target=\"_blank\">le site de l&rsquo;Eglise Gallicane<\/a><\/span><\/span><\/em><\/p>\n<p><span style=\"color: #ff6600;\">Eglise profond\u00e9ment catholique et apostolique puisque sa succession remonte jusqu&rsquo;aux premiers Ap\u00f4tres, l&rsquo;Eglise gallicane se distingue simplement par la libert\u00e9 qu&rsquo;elle s&rsquo;est donn\u00e9e de pouvoir faire ses propres choix de soci\u00e9t\u00e9 qui lui permettent de \u00ab\u00a0coller\u00a0\u00bb avec la vie actuelle sans pour autant aller \u00e0 l&rsquo;encontre du message du Christ et des Evangiles.<\/span><\/p>\n","protected":false},"excerpt":{"rendered":"<p>1) Sa Foi catholique L&rsquo;Eglise gallicane est Catholique et Apostolique. En tant qu&rsquo;Eglise chr\u00e9tienne, pour y adh\u00e9rer, il faut avoir re\u00e7u le bapt\u00eame ou d\u00e9sirer le recevoir. En tant qu&rsquo;Eglise de tradition catholique, ses membres connaissent et admettent l&rsquo;un des &hellip; <a href=\"https:\/\/gallican-montbrison.fr\/wp\/?page_id=25\">Continuer la lecture <span class=\"meta-nav\">&rarr;<\/span><\/a><\/p>\n","protected":false},"author":3,"featured_media":0,"parent":6,"menu_order":1,"comment_status":"closed","ping_status":"open","template":"","meta":{"footnotes":""},"class_list":["post-25","page","type-page","status-publish","hentry"],"yoast_head":"<!-- This site is optimized with the Yoast SEO plugin v25.6 - https:\/\/yoast.com\/wordpress\/plugins\/seo\/ -->\n<title>Particularit\u00e9s gallicanes - Chapelle Saint Michel Archange Montbrison<\/title>\n<meta name=\"robots\" content=\"index, follow, max-snippet:-1, max-image-preview:large, max-video-preview:-1\" \/>\n<link rel=\"canonical\" href=\"https:\/\/gallican-montbrison.fr\/wp\/?page_id=25\" \/>\n<meta property=\"og:locale\" content=\"fr_FR\" \/>\n<meta property=\"og:type\" content=\"article\" \/>\n<meta property=\"og:title\" content=\"Particularit\u00e9s gallicanes - Chapelle Saint Michel Archange Montbrison\" \/>\n<meta property=\"og:description\" content=\"1) Sa Foi catholique L&rsquo;Eglise gallicane est Catholique et Apostolique. En tant qu&rsquo;Eglise chr\u00e9tienne, pour y adh\u00e9rer, il faut avoir re\u00e7u le bapt\u00eame ou d\u00e9sirer le recevoir. En tant qu&rsquo;Eglise de tradition catholique, ses membres connaissent et admettent l&rsquo;un des &hellip; Continuer la lecture &rarr;\" \/>\n<meta property=\"og:url\" content=\"https:\/\/gallican-montbrison.fr\/wp\/?page_id=25\" \/>\n<meta property=\"og:site_name\" content=\"Chapelle Saint Michel Archange Montbrison\" \/>\n<meta property=\"article:publisher\" content=\"https:\/\/www.facebook.com\/people\/Eglise-Gallicane-Chapelle-Saint-Michel-Archange\/100064564306693\/\" \/>\n<meta property=\"article:modified_time\" content=\"2013-06-07T12:06:34+00:00\" \/>\n<meta property=\"og:image\" content=\"http:\/\/gallican-montbrison.fr\/wp\/wp-content\/uploads\/2012\/02\/images-11-150x150.jpg\" \/>\n<meta name=\"twitter:card\" content=\"summary_large_image\" \/>\n<meta name=\"twitter:label1\" content=\"Dur\u00e9e de lecture estim\u00e9e\" \/>\n\t<meta name=\"twitter:data1\" content=\"2 minutes\" \/>\n<script type=\"application\/ld+json\" class=\"yoast-schema-graph\">{\"@context\":\"https:\/\/schema.org\",\"@graph\":[{\"@type\":\"WebPage\",\"@id\":\"https:\/\/gallican-montbrison.fr\/wp\/?page_id=25\",\"url\":\"https:\/\/gallican-montbrison.fr\/wp\/?page_id=25\",\"name\":\"Particularit\u00e9s gallicanes - Chapelle Saint Michel Archange Montbrison\",\"isPartOf\":{\"@id\":\"https:\/\/gallican-montbrison.fr\/wp\/#website\"},\"primaryImageOfPage\":{\"@id\":\"https:\/\/gallican-montbrison.fr\/wp\/?page_id=25#primaryimage\"},\"image\":{\"@id\":\"https:\/\/gallican-montbrison.fr\/wp\/?page_id=25#primaryimage\"},\"thumbnailUrl\":\"http:\/\/gallican-montbrison.fr\/wp\/wp-content\/uploads\/2012\/02\/images-11-150x150.jpg\",\"datePublished\":\"2012-02-15T20:29:02+00:00\",\"dateModified\":\"2013-06-07T12:06:34+00:00\",\"breadcrumb\":{\"@id\":\"https:\/\/gallican-montbrison.fr\/wp\/?page_id=25#breadcrumb\"},\"inLanguage\":\"fr-FR\",\"potentialAction\":[{\"@type\":\"ReadAction\",\"target\":[\"https:\/\/gallican-montbrison.fr\/wp\/?page_id=25\"]}]},{\"@type\":\"ImageObject\",\"inLanguage\":\"fr-FR\",\"@id\":\"https:\/\/gallican-montbrison.fr\/wp\/?page_id=25#primaryimage\",\"url\":\"https:\/\/gallican-montbrison.fr\/wp\/wp-content\/uploads\/2012\/02\/images-11.jpeg\",\"contentUrl\":\"https:\/\/gallican-montbrison.fr\/wp\/wp-content\/uploads\/2012\/02\/images-11.jpeg\",\"width\":\"268\",\"height\":\"188\"},{\"@type\":\"BreadcrumbList\",\"@id\":\"https:\/\/gallican-montbrison.fr\/wp\/?page_id=25#breadcrumb\",\"itemListElement\":[{\"@type\":\"ListItem\",\"position\":1,\"name\":\"Accueil\",\"item\":\"https:\/\/gallican-montbrison.fr\/wp\"},{\"@type\":\"ListItem\",\"position\":2,\"name\":\"Pr\u00e9sentation de la chapelle St Michel\",\"item\":\"https:\/\/gallican-montbrison.fr\/wp\/?page_id=6\"},{\"@type\":\"ListItem\",\"position\":3,\"name\":\"Particularit\u00e9s gallicanes\"}]},{\"@type\":\"WebSite\",\"@id\":\"https:\/\/gallican-montbrison.fr\/wp\/#website\",\"url\":\"https:\/\/gallican-montbrison.fr\/wp\/\",\"name\":\"Chapelle Saint Michel Archange Montbrison\",\"description\":\"Eglise Gallicane, Tradition Apostolique de Gazinet\",\"potentialAction\":[{\"@type\":\"SearchAction\",\"target\":{\"@type\":\"EntryPoint\",\"urlTemplate\":\"https:\/\/gallican-montbrison.fr\/wp\/?s={search_term_string}\"},\"query-input\":{\"@type\":\"PropertyValueSpecification\",\"valueRequired\":true,\"valueName\":\"search_term_string\"}}],\"inLanguage\":\"fr-FR\"}]}<\/script>\n<!-- \/ Yoast SEO plugin. -->","yoast_head_json":{"title":"Particularit\u00e9s gallicanes - Chapelle Saint Michel Archange Montbrison","robots":{"index":"index","follow":"follow","max-snippet":"max-snippet:-1","max-image-preview":"max-image-preview:large","max-video-preview":"max-video-preview:-1"},"canonical":"https:\/\/gallican-montbrison.fr\/wp\/?page_id=25","og_locale":"fr_FR","og_type":"article","og_title":"Particularit\u00e9s gallicanes - Chapelle Saint Michel Archange Montbrison","og_description":"1) Sa Foi catholique L&rsquo;Eglise gallicane est Catholique et Apostolique. En tant qu&rsquo;Eglise chr\u00e9tienne, pour y adh\u00e9rer, il faut avoir re\u00e7u le bapt\u00eame ou d\u00e9sirer le recevoir. En tant qu&rsquo;Eglise de tradition catholique, ses membres connaissent et admettent l&rsquo;un des &hellip; Continuer la lecture &rarr;","og_url":"https:\/\/gallican-montbrison.fr\/wp\/?page_id=25","og_site_name":"Chapelle Saint Michel Archange Montbrison","article_publisher":"https:\/\/www.facebook.com\/people\/Eglise-Gallicane-Chapelle-Saint-Michel-Archange\/100064564306693\/","article_modified_time":"2013-06-07T12:06:34+00:00","og_image":[{"url":"http:\/\/gallican-montbrison.fr\/wp\/wp-content\/uploads\/2012\/02\/images-11-150x150.jpg","type":"","width":"","height":""}],"twitter_card":"summary_large_image","twitter_misc":{"Dur\u00e9e de lecture estim\u00e9e":"2 minutes"},"schema":{"@context":"https:\/\/schema.org","@graph":[{"@type":"WebPage","@id":"https:\/\/gallican-montbrison.fr\/wp\/?page_id=25","url":"https:\/\/gallican-montbrison.fr\/wp\/?page_id=25","name":"Particularit\u00e9s gallicanes - Chapelle Saint Michel Archange Montbrison","isPartOf":{"@id":"https:\/\/gallican-montbrison.fr\/wp\/#website"},"primaryImageOfPage":{"@id":"https:\/\/gallican-montbrison.fr\/wp\/?page_id=25#primaryimage"},"image":{"@id":"https:\/\/gallican-montbrison.fr\/wp\/?page_id=25#primaryimage"},"thumbnailUrl":"http:\/\/gallican-montbrison.fr\/wp\/wp-content\/uploads\/2012\/02\/images-11-150x150.jpg","datePublished":"2012-02-15T20:29:02+00:00","dateModified":"2013-06-07T12:06:34+00:00","breadcrumb":{"@id":"https:\/\/gallican-montbrison.fr\/wp\/?page_id=25#breadcrumb"},"inLanguage":"fr-FR","potentialAction":[{"@type":"ReadAction","target":["https:\/\/gallican-montbrison.fr\/wp\/?page_id=25"]}]},{"@type":"ImageObject","inLanguage":"fr-FR","@id":"https:\/\/gallican-montbrison.fr\/wp\/?page_id=25#primaryimage","url":"https:\/\/gallican-montbrison.fr\/wp\/wp-content\/uploads\/2012\/02\/images-11.jpeg","contentUrl":"https:\/\/gallican-montbrison.fr\/wp\/wp-content\/uploads\/2012\/02\/images-11.jpeg","width":"268","height":"188"},{"@type":"BreadcrumbList","@id":"https:\/\/gallican-montbrison.fr\/wp\/?page_id=25#breadcrumb","itemListElement":[{"@type":"ListItem","position":1,"name":"Accueil","item":"https:\/\/gallican-montbrison.fr\/wp"},{"@type":"ListItem","position":2,"name":"Pr\u00e9sentation de la chapelle St Michel","item":"https:\/\/gallican-montbrison.fr\/wp\/?page_id=6"},{"@type":"ListItem","position":3,"name":"Particularit\u00e9s gallicanes"}]},{"@type":"WebSite","@id":"https:\/\/gallican-montbrison.fr\/wp\/#website","url":"https:\/\/gallican-montbrison.fr\/wp\/","name":"Chapelle Saint Michel Archange Montbrison","description":"Eglise Gallicane, Tradition Apostolique de Gazinet","potentialAction":[{"@type":"SearchAction","target":{"@type":"EntryPoint","urlTemplate":"https:\/\/gallican-montbrison.fr\/wp\/?s={search_term_string}"},"query-input":{"@type":"PropertyValueSpecification","valueRequired":true,"valueName":"search_term_string"}}],"inLanguage":"fr-FR"}]}},"_links":{"self":[{"href":"https:\/\/gallican-montbrison.fr\/wp\/index.php?rest_route=\/wp\/v2\/pages\/25"}],"collection":[{"href":"https:\/\/gallican-montbrison.fr\/wp\/index.php?rest_route=\/wp\/v2\/pages"}],"about":[{"href":"https:\/\/gallican-montbrison.fr\/wp\/index.php?rest_route=\/wp\/v2\/types\/page"}],"author":[{"embeddable":true,"href":"https:\/\/gallican-montbrison.fr\/wp\/index.php?rest_route=\/wp\/v2\/users\/3"}],"replies":[{"embeddable":true,"href":"https:\/\/gallican-montbrison.fr\/wp\/index.php?rest_route=%2Fwp%2Fv2%2Fcomments&post=25"}],"version-history":[{"count":29,"href":"https:\/\/gallican-montbrison.fr\/wp\/index.php?rest_route=\/wp\/v2\/pages\/25\/revisions"}],"predecessor-version":[{"id":113,"href":"https:\/\/gallican-montbrison.fr\/wp\/index.php?rest_route=\/wp\/v2\/pages\/25\/revisions\/113"}],"up":[{"embeddable":true,"href":"https:\/\/gallican-montbrison.fr\/wp\/index.php?rest_route=\/wp\/v2\/pages\/6"}],"wp:attachment":[{"href":"https:\/\/gallican-montbrison.fr\/wp\/index.php?rest_route=%2Fwp%2Fv2%2Fmedia&parent=25"}],"curies":[{"name":"wp","href":"https:\/\/api.w.org\/{rel}","templated":true}]}}