{"id":2590,"date":"2013-04-14T23:48:27","date_gmt":"2013-04-14T21:48:27","guid":{"rendered":"http:\/\/gallican-montbrison.fr\/wp\/?page_id=2590"},"modified":"2015-10-08T07:40:20","modified_gmt":"2015-10-08T05:40:20","slug":"abonnements","status":"publish","type":"page","link":"https:\/\/gallican-montbrison.fr\/wp\/?page_id=2590","title":{"rendered":"Abonnements"},"content":{"rendered":"<p><strong><span style=\"color: #3366ff;\">Abonnement\u00a0\u00a0\u00ab\u00a0Le Quatre temps de St Michel\u00a0\u00bb\u00a0<\/span><\/strong><\/p>\n<p><span style=\"color: #ff9900;\"><a title=\"le quatre temps\" href=\"http:\/\/gallican-montbrison.fr\/wp\/?cat=10\" target=\"_blank\">Bulletin trimestriel<\/a>\u00a0<\/span><span style=\"color: #ff9900;\">annon\u00e7ant les c\u00e9l\u00e9brations et activit\u00e9s de la chapelle St Michel Archange. Il contient aussi un petit texte en relation avec le temps liturgique pour nourrir la r\u00e9flexion ou la pri\u00e8re. (Abonnement gratuit par mail).<\/span><\/p>\n<p><strong>\u00a0<span style=\"color: #3366ff;\">Abonnement \u00ab\u00a0Le Gallican\u00a0\u00bb<\/span><\/strong><\/p>\n<p><span style=\"color: #ff9900;\">Revue trimestrielle de l&rsquo;Eglise gallicane,\u00e9diteur Mgr T.Teyssot. <\/span><\/p>\n<p><span style=\"color: #ff9900;\">Revue qui parait sans interruption depuis 1921. Elle relate l&rsquo;activit\u00e9 des paroisses et traite de sujets religieux ou de soci\u00e9t\u00e9, de sujets en lien avec les pr\u00e9occupations actuelles mais toujours sous le regard bienveillant de l&rsquo;Eglise (abonnement 11,50\u20ac\/an)<\/span><\/p>\n<p><span style=\"color: #3366ff;\">Abonnements:\u00a0<\/span>en faire la demande par mail:\u00a0<strong><span style=\"color: #ff9900;\">chapelle@gallican-montbrison.fr\u00a0<\/span><\/strong>ou \u00e0 Mgr T.Teyssot: <strong><span style=\"color: #ff9900;\">gallican@gallican.org<\/span><\/strong><\/p>\n<p><a href=\"http:\/\/gallican-montbrison.fr\/wp\/wp-content\/uploads\/2013\/04\/le-gallican.jpg\"><img loading=\"lazy\" decoding=\"async\" class=\"alignleft size-full wp-image-2591\" title=\"le gallican\" src=\"http:\/\/gallican-montbrison.fr\/wp\/wp-content\/uploads\/2013\/04\/le-gallican.jpg\" alt=\"\" width=\"596\" height=\"860\" srcset=\"https:\/\/gallican-montbrison.fr\/wp\/wp-content\/uploads\/2013\/04\/le-gallican.jpg 596w, https:\/\/gallican-montbrison.fr\/wp\/wp-content\/uploads\/2013\/04\/le-gallican-207x300.jpg 207w\" sizes=\"(max-width: 596px) 100vw, 596px\" \/><\/a><\/p>\n<p>&nbsp;<\/p>\n<p>&nbsp;<\/p>\n","protected":false},"excerpt":{"rendered":"<p>Abonnement\u00a0\u00a0\u00ab\u00a0Le Quatre temps de St Michel\u00a0\u00bb\u00a0 Bulletin trimestriel\u00a0annon\u00e7ant les c\u00e9l\u00e9brations et activit\u00e9s de la chapelle St Michel Archange. Il contient aussi un petit texte en relation avec le temps liturgique pour nourrir la r\u00e9flexion ou la pri\u00e8re. (Abonnement gratuit par &hellip; <a href=\"https:\/\/gallican-montbrison.fr\/wp\/?page_id=2590\">Continuer la lecture <span class=\"meta-nav\">&rarr;<\/span><\/a><\/p>\n","protected":false},"author":3,"featured_media":0,"parent":0,"menu_order":0,"comment_status":"closed","ping_status":"open","template":"","meta":{"footnotes":""},"class_list":["post-2590","page","type-page","status-publish","hentry"],"yoast_head":"<!-- This site is optimized with the Yoast SEO plugin v25.6 - https:\/\/yoast.com\/wordpress\/plugins\/seo\/ -->\n<title>Abonnements - Chapelle Saint Michel Archange Montbrison<\/title>\n<meta name=\"robots\" content=\"index, follow, max-snippet:-1, max-image-preview:large, max-video-preview:-1\" \/>\n<link rel=\"canonical\" href=\"https:\/\/gallican-montbrison.fr\/wp\/?page_id=2590\" \/>\n<meta property=\"og:locale\" content=\"fr_FR\" \/>\n<meta property=\"og:type\" content=\"article\" \/>\n<meta property=\"og:title\" content=\"Abonnements - Chapelle Saint Michel Archange Montbrison\" \/>\n<meta property=\"og:description\" content=\"Abonnement\u00a0\u00a0\u00ab\u00a0Le Quatre temps de St Michel\u00a0\u00bb\u00a0 Bulletin trimestriel\u00a0annon\u00e7ant les c\u00e9l\u00e9brations et activit\u00e9s de la chapelle St Michel Archange. Il contient aussi un petit texte en relation avec le temps liturgique pour nourrir la r\u00e9flexion ou la pri\u00e8re. (Abonnement gratuit par &hellip; Continuer la lecture &rarr;\" \/>\n<meta property=\"og:url\" content=\"https:\/\/gallican-montbrison.fr\/wp\/?page_id=2590\" \/>\n<meta property=\"og:site_name\" content=\"Chapelle Saint Michel Archange Montbrison\" \/>\n<meta property=\"article:publisher\" content=\"https:\/\/www.facebook.com\/people\/Eglise-Gallicane-Chapelle-Saint-Michel-Archange\/100064564306693\/\" \/>\n<meta property=\"article:modified_time\" content=\"2015-10-08T05:40:20+00:00\" \/>\n<meta property=\"og:image\" content=\"http:\/\/gallican-montbrison.fr\/wp\/wp-content\/uploads\/2013\/04\/le-gallican.jpg\" \/>\n<meta name=\"twitter:card\" content=\"summary_large_image\" \/>\n<meta name=\"twitter:label1\" content=\"Dur\u00e9e de lecture estim\u00e9e\" \/>\n\t<meta name=\"twitter:data1\" content=\"1 minute\" \/>\n<script type=\"application\/ld+json\" class=\"yoast-schema-graph\">{\"@context\":\"https:\/\/schema.org\",\"@graph\":[{\"@type\":\"WebPage\",\"@id\":\"https:\/\/gallican-montbrison.fr\/wp\/?page_id=2590\",\"url\":\"https:\/\/gallican-montbrison.fr\/wp\/?page_id=2590\",\"name\":\"Abonnements - Chapelle Saint Michel Archange Montbrison\",\"isPartOf\":{\"@id\":\"https:\/\/gallican-montbrison.fr\/wp\/#website\"},\"primaryImageOfPage\":{\"@id\":\"https:\/\/gallican-montbrison.fr\/wp\/?page_id=2590#primaryimage\"},\"image\":{\"@id\":\"https:\/\/gallican-montbrison.fr\/wp\/?page_id=2590#primaryimage\"},\"thumbnailUrl\":\"http:\/\/gallican-montbrison.fr\/wp\/wp-content\/uploads\/2013\/04\/le-gallican.jpg\",\"datePublished\":\"2013-04-14T21:48:27+00:00\",\"dateModified\":\"2015-10-08T05:40:20+00:00\",\"breadcrumb\":{\"@id\":\"https:\/\/gallican-montbrison.fr\/wp\/?page_id=2590#breadcrumb\"},\"inLanguage\":\"fr-FR\",\"potentialAction\":[{\"@type\":\"ReadAction\",\"target\":[\"https:\/\/gallican-montbrison.fr\/wp\/?page_id=2590\"]}]},{\"@type\":\"ImageObject\",\"inLanguage\":\"fr-FR\",\"@id\":\"https:\/\/gallican-montbrison.fr\/wp\/?page_id=2590#primaryimage\",\"url\":\"http:\/\/gallican-montbrison.fr\/wp\/wp-content\/uploads\/2013\/04\/le-gallican.jpg\",\"contentUrl\":\"http:\/\/gallican-montbrison.fr\/wp\/wp-content\/uploads\/2013\/04\/le-gallican.jpg\"},{\"@type\":\"BreadcrumbList\",\"@id\":\"https:\/\/gallican-montbrison.fr\/wp\/?page_id=2590#breadcrumb\",\"itemListElement\":[{\"@type\":\"ListItem\",\"position\":1,\"name\":\"Accueil\",\"item\":\"https:\/\/gallican-montbrison.fr\/wp\"},{\"@type\":\"ListItem\",\"position\":2,\"name\":\"Abonnements\"}]},{\"@type\":\"WebSite\",\"@id\":\"https:\/\/gallican-montbrison.fr\/wp\/#website\",\"url\":\"https:\/\/gallican-montbrison.fr\/wp\/\",\"name\":\"Chapelle Saint Michel Archange Montbrison\",\"description\":\"Eglise Gallicane, Tradition Apostolique de Gazinet\",\"potentialAction\":[{\"@type\":\"SearchAction\",\"target\":{\"@type\":\"EntryPoint\",\"urlTemplate\":\"https:\/\/gallican-montbrison.fr\/wp\/?s={search_term_string}\"},\"query-input\":{\"@type\":\"PropertyValueSpecification\",\"valueRequired\":true,\"valueName\":\"search_term_string\"}}],\"inLanguage\":\"fr-FR\"}]}<\/script>\n<!-- \/ Yoast SEO plugin. -->","yoast_head_json":{"title":"Abonnements - Chapelle Saint Michel Archange Montbrison","robots":{"index":"index","follow":"follow","max-snippet":"max-snippet:-1","max-image-preview":"max-image-preview:large","max-video-preview":"max-video-preview:-1"},"canonical":"https:\/\/gallican-montbrison.fr\/wp\/?page_id=2590","og_locale":"fr_FR","og_type":"article","og_title":"Abonnements - Chapelle Saint Michel Archange Montbrison","og_description":"Abonnement\u00a0\u00a0\u00ab\u00a0Le Quatre temps de St Michel\u00a0\u00bb\u00a0 Bulletin trimestriel\u00a0annon\u00e7ant les c\u00e9l\u00e9brations et activit\u00e9s de la chapelle St Michel Archange. Il contient aussi un petit texte en relation avec le temps liturgique pour nourrir la r\u00e9flexion ou la pri\u00e8re. (Abonnement gratuit par &hellip; Continuer la lecture &rarr;","og_url":"https:\/\/gallican-montbrison.fr\/wp\/?page_id=2590","og_site_name":"Chapelle Saint Michel Archange Montbrison","article_publisher":"https:\/\/www.facebook.com\/people\/Eglise-Gallicane-Chapelle-Saint-Michel-Archange\/100064564306693\/","article_modified_time":"2015-10-08T05:40:20+00:00","og_image":[{"url":"http:\/\/gallican-montbrison.fr\/wp\/wp-content\/uploads\/2013\/04\/le-gallican.jpg","type":"","width":"","height":""}],"twitter_card":"summary_large_image","twitter_misc":{"Dur\u00e9e de lecture estim\u00e9e":"1 minute"},"schema":{"@context":"https:\/\/schema.org","@graph":[{"@type":"WebPage","@id":"https:\/\/gallican-montbrison.fr\/wp\/?page_id=2590","url":"https:\/\/gallican-montbrison.fr\/wp\/?page_id=2590","name":"Abonnements - Chapelle Saint Michel Archange Montbrison","isPartOf":{"@id":"https:\/\/gallican-montbrison.fr\/wp\/#website"},"primaryImageOfPage":{"@id":"https:\/\/gallican-montbrison.fr\/wp\/?page_id=2590#primaryimage"},"image":{"@id":"https:\/\/gallican-montbrison.fr\/wp\/?page_id=2590#primaryimage"},"thumbnailUrl":"http:\/\/gallican-montbrison.fr\/wp\/wp-content\/uploads\/2013\/04\/le-gallican.jpg","datePublished":"2013-04-14T21:48:27+00:00","dateModified":"2015-10-08T05:40:20+00:00","breadcrumb":{"@id":"https:\/\/gallican-montbrison.fr\/wp\/?page_id=2590#breadcrumb"},"inLanguage":"fr-FR","potentialAction":[{"@type":"ReadAction","target":["https:\/\/gallican-montbrison.fr\/wp\/?page_id=2590"]}]},{"@type":"ImageObject","inLanguage":"fr-FR","@id":"https:\/\/gallican-montbrison.fr\/wp\/?page_id=2590#primaryimage","url":"http:\/\/gallican-montbrison.fr\/wp\/wp-content\/uploads\/2013\/04\/le-gallican.jpg","contentUrl":"http:\/\/gallican-montbrison.fr\/wp\/wp-content\/uploads\/2013\/04\/le-gallican.jpg"},{"@type":"BreadcrumbList","@id":"https:\/\/gallican-montbrison.fr\/wp\/?page_id=2590#breadcrumb","itemListElement":[{"@type":"ListItem","position":1,"name":"Accueil","item":"https:\/\/gallican-montbrison.fr\/wp"},{"@type":"ListItem","position":2,"name":"Abonnements"}]},{"@type":"WebSite","@id":"https:\/\/gallican-montbrison.fr\/wp\/#website","url":"https:\/\/gallican-montbrison.fr\/wp\/","name":"Chapelle Saint Michel Archange Montbrison","description":"Eglise Gallicane, Tradition Apostolique de Gazinet","potentialAction":[{"@type":"SearchAction","target":{"@type":"EntryPoint","urlTemplate":"https:\/\/gallican-montbrison.fr\/wp\/?s={search_term_string}"},"query-input":{"@type":"PropertyValueSpecification","valueRequired":true,"valueName":"search_term_string"}}],"inLanguage":"fr-FR"}]}},"_links":{"self":[{"href":"https:\/\/gallican-montbrison.fr\/wp\/index.php?rest_route=\/wp\/v2\/pages\/2590"}],"collection":[{"href":"https:\/\/gallican-montbrison.fr\/wp\/index.php?rest_route=\/wp\/v2\/pages"}],"about":[{"href":"https:\/\/gallican-montbrison.fr\/wp\/index.php?rest_route=\/wp\/v2\/types\/page"}],"author":[{"embeddable":true,"href":"https:\/\/gallican-montbrison.fr\/wp\/index.php?rest_route=\/wp\/v2\/users\/3"}],"replies":[{"embeddable":true,"href":"https:\/\/gallican-montbrison.fr\/wp\/index.php?rest_route=%2Fwp%2Fv2%2Fcomments&post=2590"}],"version-history":[{"count":13,"href":"https:\/\/gallican-montbrison.fr\/wp\/index.php?rest_route=\/wp\/v2\/pages\/2590\/revisions"}],"predecessor-version":[{"id":4185,"href":"https:\/\/gallican-montbrison.fr\/wp\/index.php?rest_route=\/wp\/v2\/pages\/2590\/revisions\/4185"}],"wp:attachment":[{"href":"https:\/\/gallican-montbrison.fr\/wp\/index.php?rest_route=%2Fwp%2Fv2%2Fmedia&parent=2590"}],"curies":[{"name":"wp","href":"https:\/\/api.w.org\/{rel}","templated":true}]}}