{"id":2618,"date":"2013-04-15T10:19:37","date_gmt":"2013-04-15T08:19:37","guid":{"rendered":"http:\/\/gallican-montbrison.fr\/wp\/?page_id=2618"},"modified":"2013-11-02T17:18:33","modified_gmt":"2013-11-02T16:18:33","slug":"chorale-oecumenique","status":"publish","type":"page","link":"https:\/\/gallican-montbrison.fr\/wp\/?page_id=2618","title":{"rendered":"Chorale Oecum\u00e9nique"},"content":{"rendered":"<p><a href=\"http:\/\/gallican-montbrison.fr\/wp\/wp-content\/uploads\/2013\/04\/DSC03664.jpg\"><img loading=\"lazy\" decoding=\"async\" class=\"alignleft size-thumbnail wp-image-2605\" title=\"DSC03664\" alt=\"\" src=\"http:\/\/gallican-montbrison.fr\/wp\/wp-content\/uploads\/2013\/04\/DSC03664-150x150.jpg\" width=\"150\" height=\"150\" \/><\/a><a href=\"http:\/\/gallican-montbrison.fr\/wp\/wp-content\/uploads\/2013\/04\/DSC02122.jpg\"><img loading=\"lazy\" decoding=\"async\" class=\"alignleft size-thumbnail wp-image-2606\" title=\"DSC02122\" alt=\"\" src=\"http:\/\/gallican-montbrison.fr\/wp\/wp-content\/uploads\/2013\/04\/DSC02122-150x150.jpg\" width=\"150\" height=\"150\" \/><\/a><a href=\"http:\/\/gallican-montbrison.fr\/wp\/wp-content\/uploads\/2013\/04\/99CD99-EZ-Unit\u00c7-005.jpg\"><img loading=\"lazy\" decoding=\"async\" class=\"alignleft size-thumbnail wp-image-2607\" title=\"99CD99 EZ Unit\u00c7 005\" alt=\"\" src=\"http:\/\/gallican-montbrison.fr\/wp\/wp-content\/uploads\/2013\/04\/99CD99-EZ-Unit\u00c7-005-150x150.jpg\" width=\"150\" height=\"150\" \/><\/a><\/p>\n<p>&nbsp;<\/p>\n<p>&nbsp;<\/p>\n<p>&nbsp;<\/p>\n<p>&nbsp;<\/p>\n<p>Depuis Septembre 2011, une chorale oecum\u00e9nique fonctionne sur Montbrison. Elle regroupe des Protestants, des Catholiques romains, des Catholiques gallicans et des Orthodoxes. Chaque mois, le premier lundi, tous se retrouvent au sein de l&rsquo;une ou l&rsquo;autre des paroisses pour accorder leurs voix sur des chants cr\u00e9ant l&rsquo;unit\u00e9. La chorale est ensuite invit\u00e9e \u00e0 se produire lors de rencontres oecum\u00e9niques comme la Journ\u00e9e mondiale de la pri\u00e8re, la semaine de l&rsquo;Unit\u00e9 des chr\u00e9tiens ou \u00e0 l&rsquo;invitation de l&rsquo;une ou l&rsquo;autre communaut\u00e9 pour animer un groupe ou une c\u00e9l\u00e9bration. Elle reste \u00e0 l&rsquo;\u00e9coute de toutes les demandes &#8230; demandez si vous souhaitez qu&rsquo;elle chante pour une de vos manifestations.<\/p>\n<p><span style=\"color: #3366ff;\">\u00ab\u00a0Si nous commen\u00e7ons par vivre l&rsquo;unit\u00e9 des chr\u00e9tiens, en mettant en avant non la construction intellectuelle mais la dimension du coeur alors les choses sont diff\u00e9rentes. L&rsquo;unit\u00e9 est faite de compr\u00e9hension, d&rsquo;amiti\u00e9, de respect.<\/span> <span style=\"color: #3366ff;\">Le chant final de cette c\u00e9l\u00e9bration (unit\u00e9 des chr\u00e9tiens 2013) sera \u00ab\u00a0nous marchons vers l&rsquo;unit\u00e9\u00a0\u00bb et nous le chanterons avec la chorale oecum\u00e9nique. Cette chorale repr\u00e9sente un peu l&rsquo;image de ce que doit \u00eatre l&rsquo;unit\u00e9 de chr\u00e9tiens :<\/span> <span style=\"color: #3366ff;\">Lorsque l&rsquo;on entend cette chorale on ne dit pas\u00a0<\/span> <span style=\"color: #3366ff;\">le t\u00e9nor est orthodoxe\u00a0<\/span> <span style=\"color: #3366ff;\">ou l&rsquo;alto est r\u00e9form\u00e9\u00a0<\/span> <span style=\"color: #3366ff;\">ou encore on ne s&rsquo;interroge pas pour savoir\u00a0<\/span> <span style=\"color: #3366ff;\">o\u00f9 sont les romains et o\u00f9 sont les gallicans.<\/span> <span style=\"color: #3366ff;\">Non rien de cela.<\/span><\/p>\n<p style=\"text-align: center;\"><strong><span style=\"color: #ff0000;\">Quand cette chorale chante on n&rsquo;entend que le chant de l&rsquo;unit\u00e9, les voix dans un m\u00eame \u00e9lan et\u00a0la communion dans la louange du Seigneur.\u00a0<\/span><\/strong><\/p>\n<p style=\"text-align: center;\"><em><span style=\"color: #3366ff;\">(extrait hom\u00e9lie P\u00e8re Robert 01.2013\u00a0<\/span><span style=\"color: #3366ff;\">en l&rsquo;Eglise St Pierre de Montbrison)<\/span><\/em><\/p>\n<p style=\"text-align: left;\"><strong><span style=\"color: #ff9900;\">R\u00e9p\u00e9titions: Extraits de chants\u00a0<\/span><\/strong><\/p>\n<p style=\"text-align: left;\"><span style=\"color: #ff0000;\"><span style=\"color: #ff9900;\">Ecoute en Mp3:<\/span><span style=\"color: #3366ff;\">\u00a0<\/span><\/span><span style=\"color: #3366ff;\">\u00a0<a href=\"http:\/\/gallican-montbrison.fr\/wp\/wp-content\/uploads\/2013\/04\/Plonge-moi-dans-ta-rivi\u00e8re-.m4a\"><span style=\"color: #3366ff;\">Plonge-moi dans ta rivi\u00e8re<\/span><\/a>\u00a0,\u00a0<a href=\"http:\/\/gallican-montbrison.fr\/wp\/wp-content\/uploads\/2013\/04\/Joie-nouvelle-pour-tout-lunivers-.m4a\"><span style=\"color: #3366ff;\">Joie nouvelle pour tout l&rsquo;univers<\/span><\/a>\u00a0,<\/span><\/p>\n<p style=\"text-align: left;\"><a href=\"http:\/\/gallican-montbrison.fr\/wp\/wp-content\/uploads\/2013\/04\/R\u00e9jouis-toi-peuple-fid\u00e8le-.m4a\">R\u00e9jouis toi peuple fid\u00e8le<\/a>\u00a0,\u00a0<a href=\"http:\/\/gallican-montbrison.fr\/wp\/wp-content\/uploads\/2013\/04\/R\u00e9p\u00e9titions-Grain-de-bl\u00e9-.m4a\">R\u00e9p\u00e9titions Grain de bl\u00e9<\/a><span style=\"color: #3366ff;\">\u00a0,\u00a0<a href=\"http:\/\/gallican-montbrison.fr\/wp\/wp-content\/uploads\/2013\/04\/Chant-Psaume-.m4a\"><span style=\"color: #3366ff;\">Chant Psaume<\/span><\/a>,\u00a0<a href=\"http:\/\/gallican-montbrison.fr\/wp\/wp-content\/uploads\/2013\/04\/Je-louerai-lEternel.m4a\"><span style=\"color: #3366ff;\">Je louerai l&rsquo;Eternel<\/span><\/a>\u00a0,<\/span><\/p>\n<p style=\"text-align: left;\"><span style=\"color: #3366ff;\"><a href=\"http:\/\/gallican-montbrison.fr\/wp\/wp-content\/uploads\/2013\/04\/A-toi-la-Gloire.m4a\"><span style=\"color: #3366ff;\">A toi la Gloire<\/span><\/a><\/span><\/p>\n<p style=\"text-align: left;\"><span style=\"color: #3366ff;\">Au clavier et Ma\u00eetre de chant : B.Legrand \u00a0&#8211; \u00a0Au violon: P.Chabance<\/span><\/p>\n<p style=\"text-align: left;\"><span style=\"color: #3366ff;\">Au chant: toutes les voix qui le souhaitent.<\/span><\/p>\n","protected":false},"excerpt":{"rendered":"<p>&nbsp; &nbsp; &nbsp; &nbsp; Depuis Septembre 2011, une chorale oecum\u00e9nique fonctionne sur Montbrison. Elle regroupe des Protestants, des Catholiques romains, des Catholiques gallicans et des Orthodoxes. Chaque mois, le premier lundi, tous se retrouvent au sein de l&rsquo;une ou l&rsquo;autre &hellip; <a href=\"https:\/\/gallican-montbrison.fr\/wp\/?page_id=2618\">Continuer la lecture <span class=\"meta-nav\">&rarr;<\/span><\/a><\/p>\n","protected":false},"author":3,"featured_media":0,"parent":676,"menu_order":0,"comment_status":"closed","ping_status":"open","template":"","meta":{"footnotes":""},"class_list":["post-2618","page","type-page","status-publish","hentry"],"yoast_head":"<!-- This site is optimized with the Yoast SEO plugin v25.6 - https:\/\/yoast.com\/wordpress\/plugins\/seo\/ -->\n<title>Chorale Oecum\u00e9nique - Chapelle Saint Michel Archange Montbrison<\/title>\n<meta name=\"robots\" content=\"index, follow, max-snippet:-1, max-image-preview:large, max-video-preview:-1\" \/>\n<link rel=\"canonical\" href=\"https:\/\/gallican-montbrison.fr\/wp\/?page_id=2618\" \/>\n<meta property=\"og:locale\" content=\"fr_FR\" \/>\n<meta property=\"og:type\" content=\"article\" \/>\n<meta property=\"og:title\" content=\"Chorale Oecum\u00e9nique - Chapelle Saint Michel Archange Montbrison\" \/>\n<meta property=\"og:description\" content=\"&nbsp; &nbsp; &nbsp; &nbsp; Depuis Septembre 2011, une chorale oecum\u00e9nique fonctionne sur Montbrison. Elle regroupe des Protestants, des Catholiques romains, des Catholiques gallicans et des Orthodoxes. Chaque mois, le premier lundi, tous se retrouvent au sein de l&rsquo;une ou l&rsquo;autre &hellip; Continuer la lecture &rarr;\" \/>\n<meta property=\"og:url\" content=\"https:\/\/gallican-montbrison.fr\/wp\/?page_id=2618\" \/>\n<meta property=\"og:site_name\" content=\"Chapelle Saint Michel Archange Montbrison\" \/>\n<meta property=\"article:publisher\" content=\"https:\/\/www.facebook.com\/people\/Eglise-Gallicane-Chapelle-Saint-Michel-Archange\/100064564306693\/\" \/>\n<meta property=\"article:modified_time\" content=\"2013-11-02T16:18:33+00:00\" \/>\n<meta property=\"og:image\" content=\"http:\/\/gallican-montbrison.fr\/wp\/wp-content\/uploads\/2013\/04\/DSC03664-150x150.jpg\" \/>\n<meta name=\"twitter:card\" content=\"summary_large_image\" \/>\n<meta name=\"twitter:label1\" content=\"Dur\u00e9e de lecture estim\u00e9e\" \/>\n\t<meta name=\"twitter:data1\" content=\"2 minutes\" \/>\n<script type=\"application\/ld+json\" class=\"yoast-schema-graph\">{\"@context\":\"https:\/\/schema.org\",\"@graph\":[{\"@type\":\"WebPage\",\"@id\":\"https:\/\/gallican-montbrison.fr\/wp\/?page_id=2618\",\"url\":\"https:\/\/gallican-montbrison.fr\/wp\/?page_id=2618\",\"name\":\"Chorale Oecum\u00e9nique - Chapelle Saint Michel Archange Montbrison\",\"isPartOf\":{\"@id\":\"https:\/\/gallican-montbrison.fr\/wp\/#website\"},\"primaryImageOfPage\":{\"@id\":\"https:\/\/gallican-montbrison.fr\/wp\/?page_id=2618#primaryimage\"},\"image\":{\"@id\":\"https:\/\/gallican-montbrison.fr\/wp\/?page_id=2618#primaryimage\"},\"thumbnailUrl\":\"http:\/\/gallican-montbrison.fr\/wp\/wp-content\/uploads\/2013\/04\/DSC03664-150x150.jpg\",\"datePublished\":\"2013-04-15T08:19:37+00:00\",\"dateModified\":\"2013-11-02T16:18:33+00:00\",\"breadcrumb\":{\"@id\":\"https:\/\/gallican-montbrison.fr\/wp\/?page_id=2618#breadcrumb\"},\"inLanguage\":\"fr-FR\",\"potentialAction\":[{\"@type\":\"ReadAction\",\"target\":[\"https:\/\/gallican-montbrison.fr\/wp\/?page_id=2618\"]}]},{\"@type\":\"ImageObject\",\"inLanguage\":\"fr-FR\",\"@id\":\"https:\/\/gallican-montbrison.fr\/wp\/?page_id=2618#primaryimage\",\"url\":\"https:\/\/gallican-montbrison.fr\/wp\/wp-content\/uploads\/2013\/04\/DSC03664.jpg\",\"contentUrl\":\"https:\/\/gallican-montbrison.fr\/wp\/wp-content\/uploads\/2013\/04\/DSC03664.jpg\",\"width\":\"2592\",\"height\":\"1944\"},{\"@type\":\"BreadcrumbList\",\"@id\":\"https:\/\/gallican-montbrison.fr\/wp\/?page_id=2618#breadcrumb\",\"itemListElement\":[{\"@type\":\"ListItem\",\"position\":1,\"name\":\"Accueil\",\"item\":\"https:\/\/gallican-montbrison.fr\/wp\"},{\"@type\":\"ListItem\",\"position\":2,\"name\":\"Oecum\u00e9nisme\",\"item\":\"https:\/\/gallican-montbrison.fr\/wp\/?page_id=676\"},{\"@type\":\"ListItem\",\"position\":3,\"name\":\"Chorale Oecum\u00e9nique\"}]},{\"@type\":\"WebSite\",\"@id\":\"https:\/\/gallican-montbrison.fr\/wp\/#website\",\"url\":\"https:\/\/gallican-montbrison.fr\/wp\/\",\"name\":\"Chapelle Saint Michel Archange Montbrison\",\"description\":\"Eglise Gallicane, Tradition Apostolique de Gazinet\",\"potentialAction\":[{\"@type\":\"SearchAction\",\"target\":{\"@type\":\"EntryPoint\",\"urlTemplate\":\"https:\/\/gallican-montbrison.fr\/wp\/?s={search_term_string}\"},\"query-input\":{\"@type\":\"PropertyValueSpecification\",\"valueRequired\":true,\"valueName\":\"search_term_string\"}}],\"inLanguage\":\"fr-FR\"}]}<\/script>\n<!-- \/ Yoast SEO plugin. -->","yoast_head_json":{"title":"Chorale Oecum\u00e9nique - Chapelle Saint Michel Archange Montbrison","robots":{"index":"index","follow":"follow","max-snippet":"max-snippet:-1","max-image-preview":"max-image-preview:large","max-video-preview":"max-video-preview:-1"},"canonical":"https:\/\/gallican-montbrison.fr\/wp\/?page_id=2618","og_locale":"fr_FR","og_type":"article","og_title":"Chorale Oecum\u00e9nique - Chapelle Saint Michel Archange Montbrison","og_description":"&nbsp; &nbsp; &nbsp; &nbsp; Depuis Septembre 2011, une chorale oecum\u00e9nique fonctionne sur Montbrison. Elle regroupe des Protestants, des Catholiques romains, des Catholiques gallicans et des Orthodoxes. Chaque mois, le premier lundi, tous se retrouvent au sein de l&rsquo;une ou l&rsquo;autre &hellip; Continuer la lecture &rarr;","og_url":"https:\/\/gallican-montbrison.fr\/wp\/?page_id=2618","og_site_name":"Chapelle Saint Michel Archange Montbrison","article_publisher":"https:\/\/www.facebook.com\/people\/Eglise-Gallicane-Chapelle-Saint-Michel-Archange\/100064564306693\/","article_modified_time":"2013-11-02T16:18:33+00:00","og_image":[{"url":"http:\/\/gallican-montbrison.fr\/wp\/wp-content\/uploads\/2013\/04\/DSC03664-150x150.jpg","type":"","width":"","height":""}],"twitter_card":"summary_large_image","twitter_misc":{"Dur\u00e9e de lecture estim\u00e9e":"2 minutes"},"schema":{"@context":"https:\/\/schema.org","@graph":[{"@type":"WebPage","@id":"https:\/\/gallican-montbrison.fr\/wp\/?page_id=2618","url":"https:\/\/gallican-montbrison.fr\/wp\/?page_id=2618","name":"Chorale Oecum\u00e9nique - Chapelle Saint Michel Archange Montbrison","isPartOf":{"@id":"https:\/\/gallican-montbrison.fr\/wp\/#website"},"primaryImageOfPage":{"@id":"https:\/\/gallican-montbrison.fr\/wp\/?page_id=2618#primaryimage"},"image":{"@id":"https:\/\/gallican-montbrison.fr\/wp\/?page_id=2618#primaryimage"},"thumbnailUrl":"http:\/\/gallican-montbrison.fr\/wp\/wp-content\/uploads\/2013\/04\/DSC03664-150x150.jpg","datePublished":"2013-04-15T08:19:37+00:00","dateModified":"2013-11-02T16:18:33+00:00","breadcrumb":{"@id":"https:\/\/gallican-montbrison.fr\/wp\/?page_id=2618#breadcrumb"},"inLanguage":"fr-FR","potentialAction":[{"@type":"ReadAction","target":["https:\/\/gallican-montbrison.fr\/wp\/?page_id=2618"]}]},{"@type":"ImageObject","inLanguage":"fr-FR","@id":"https:\/\/gallican-montbrison.fr\/wp\/?page_id=2618#primaryimage","url":"https:\/\/gallican-montbrison.fr\/wp\/wp-content\/uploads\/2013\/04\/DSC03664.jpg","contentUrl":"https:\/\/gallican-montbrison.fr\/wp\/wp-content\/uploads\/2013\/04\/DSC03664.jpg","width":"2592","height":"1944"},{"@type":"BreadcrumbList","@id":"https:\/\/gallican-montbrison.fr\/wp\/?page_id=2618#breadcrumb","itemListElement":[{"@type":"ListItem","position":1,"name":"Accueil","item":"https:\/\/gallican-montbrison.fr\/wp"},{"@type":"ListItem","position":2,"name":"Oecum\u00e9nisme","item":"https:\/\/gallican-montbrison.fr\/wp\/?page_id=676"},{"@type":"ListItem","position":3,"name":"Chorale Oecum\u00e9nique"}]},{"@type":"WebSite","@id":"https:\/\/gallican-montbrison.fr\/wp\/#website","url":"https:\/\/gallican-montbrison.fr\/wp\/","name":"Chapelle Saint Michel Archange Montbrison","description":"Eglise Gallicane, Tradition Apostolique de Gazinet","potentialAction":[{"@type":"SearchAction","target":{"@type":"EntryPoint","urlTemplate":"https:\/\/gallican-montbrison.fr\/wp\/?s={search_term_string}"},"query-input":{"@type":"PropertyValueSpecification","valueRequired":true,"valueName":"search_term_string"}}],"inLanguage":"fr-FR"}]}},"_links":{"self":[{"href":"https:\/\/gallican-montbrison.fr\/wp\/index.php?rest_route=\/wp\/v2\/pages\/2618"}],"collection":[{"href":"https:\/\/gallican-montbrison.fr\/wp\/index.php?rest_route=\/wp\/v2\/pages"}],"about":[{"href":"https:\/\/gallican-montbrison.fr\/wp\/index.php?rest_route=\/wp\/v2\/types\/page"}],"author":[{"embeddable":true,"href":"https:\/\/gallican-montbrison.fr\/wp\/index.php?rest_route=\/wp\/v2\/users\/3"}],"replies":[{"embeddable":true,"href":"https:\/\/gallican-montbrison.fr\/wp\/index.php?rest_route=%2Fwp%2Fv2%2Fcomments&post=2618"}],"version-history":[{"count":13,"href":"https:\/\/gallican-montbrison.fr\/wp\/index.php?rest_route=\/wp\/v2\/pages\/2618\/revisions"}],"predecessor-version":[{"id":3007,"href":"https:\/\/gallican-montbrison.fr\/wp\/index.php?rest_route=\/wp\/v2\/pages\/2618\/revisions\/3007"}],"up":[{"embeddable":true,"href":"https:\/\/gallican-montbrison.fr\/wp\/index.php?rest_route=\/wp\/v2\/pages\/676"}],"wp:attachment":[{"href":"https:\/\/gallican-montbrison.fr\/wp\/index.php?rest_route=%2Fwp%2Fv2%2Fmedia&parent=2618"}],"curies":[{"name":"wp","href":"https:\/\/api.w.org\/{rel}","templated":true}]}}