{"id":431,"date":"2012-02-19T22:04:32","date_gmt":"2012-02-19T21:04:32","guid":{"rendered":"http:\/\/gallican-montbrison.fr\/wp\/?page_id=431"},"modified":"2013-07-29T17:12:34","modified_gmt":"2013-07-29T15:12:34","slug":"intentions-de-prieres","status":"publish","type":"page","link":"https:\/\/gallican-montbrison.fr\/wp\/?page_id=431","title":{"rendered":"Intentions de pri\u00e8res"},"content":{"rendered":"<p><strong><a href=\"http:\/\/gallican-montbrison.fr\/wp\/wp-content\/uploads\/2012\/02\/eau1.jpg\"><img loading=\"lazy\" decoding=\"async\" class=\"alignleft size-medium wp-image-566\" title=\"eau\" src=\"http:\/\/gallican-montbrison.fr\/wp\/wp-content\/uploads\/2012\/02\/eau1-263x300.jpg\" alt=\"\" width=\"263\" height=\"300\" srcset=\"https:\/\/gallican-montbrison.fr\/wp\/wp-content\/uploads\/2012\/02\/eau1-263x300.jpg 263w, https:\/\/gallican-montbrison.fr\/wp\/wp-content\/uploads\/2012\/02\/eau1.jpg 657w\" sizes=\"(max-width: 263px) 100vw, 263px\" \/><\/a><span style=\"color: #3366ff;\">Les intentions de pri\u00e8res lors des messes ou des offices \u00a0 \u00a0 \u00a0 \u00a0 \u00a0 \u00a0 \u00a0 \u00a0 \u00a0 \u00a0 \u00a0 \u00a0 \u00a0 \u00a0 \u00a0 \u00a0 \u00a0 \u00a0\u00a0<\/span><\/strong><\/p>\n<p><strong><\/strong>Vous pouvez mettre une intention pour une personne malade ou qui rencontre des difficult\u00e9s dans sa vie.<\/p>\n<p>Vous pouvez aussi donner une intention pour une famille<\/p>\n<p>ou une intention plus g\u00e9n\u00e9rale : paix , entente , travail, sant\u00e9 &#8230;<\/p>\n<p>&nbsp;<\/p>\n<p>Vous pouvez demander les pri\u00e8res de l&rsquo;Eglise\u00a0pour une personne d\u00e9c\u00e9d\u00e9e<\/p>\n<p>Vous pouvez mettre une intention en remerciement d\u2019une action ou d\u2019un \u00e9v\u00e8nement.<\/p>\n<p>Trop souvent nous n\u2019osons pas demander les gr\u00e2ces\u00a0ou les intercessions au Seigneur et pourtant il est dit :<\/p>\n<p>\u201cEt moi, je vous dis : demandez et l\u2019on vous donnera;<\/p>\n<p>cherchez et vous trouverez; frappez \u00e0 la porte et l\u2019on vous ouvrira&#8230;<\/p>\n<p>&#8230; si vous, vous savez donner de bonnes choses \u00e0 vos enfants,<\/p>\n<p>combien plus le P\u00e8re du ciel<\/p>\n<p>donnera-t-il l\u2019Esprit Saint \u00e0 ceux qui l\u2019en prient!\u201d \u00a0 (Luc\u00a0 11\u00a0 9-13)<\/p>\n<p><strong><span style=\"color: #3366ff;\">Pour cela venez prier avec nous<\/span><\/strong><\/p>\n<p><strong><span style=\"color: #3366ff;\">ou\u00a0faites passer une demande d&rsquo;intention de pri\u00e8res \u00e0 la chapelle<\/span><\/strong><\/p>\n<p>&nbsp;<\/p>\n<p style=\"text-align: center;\"><em><span style=\"color: #3366ff;\">Chapelle St Michel Archange \u00a0&#8211; \u00a0tel: 06 89 15 62 57<\/span><\/em><\/p>\n<p style=\"text-align: center;\"><em><span style=\"color: #3366ff;\">mail: chapelle@gallican-montbrison.fr<\/span><\/em><\/p>\n<p style=\"text-align: center;\">\n","protected":false},"excerpt":{"rendered":"<p>Les intentions de pri\u00e8res lors des messes ou des offices \u00a0 \u00a0 \u00a0 \u00a0 \u00a0 \u00a0 \u00a0 \u00a0 \u00a0 \u00a0 \u00a0 \u00a0 \u00a0 \u00a0 \u00a0 \u00a0 \u00a0 \u00a0\u00a0 Vous pouvez mettre une intention pour une personne malade ou qui rencontre &hellip; <a href=\"https:\/\/gallican-montbrison.fr\/wp\/?page_id=431\">Continuer la lecture <span class=\"meta-nav\">&rarr;<\/span><\/a><\/p>\n","protected":false},"author":3,"featured_media":0,"parent":58,"menu_order":0,"comment_status":"closed","ping_status":"open","template":"","meta":{"footnotes":""},"class_list":["post-431","page","type-page","status-publish","hentry"],"yoast_head":"<!-- This site is optimized with the Yoast SEO plugin v25.6 - https:\/\/yoast.com\/wordpress\/plugins\/seo\/ -->\n<title>Intentions de pri\u00e8res - Chapelle Saint Michel Archange Montbrison<\/title>\n<meta name=\"robots\" content=\"index, follow, max-snippet:-1, max-image-preview:large, max-video-preview:-1\" \/>\n<link rel=\"canonical\" href=\"https:\/\/gallican-montbrison.fr\/wp\/?page_id=431\" \/>\n<meta property=\"og:locale\" content=\"fr_FR\" \/>\n<meta property=\"og:type\" content=\"article\" \/>\n<meta property=\"og:title\" content=\"Intentions de pri\u00e8res - Chapelle Saint Michel Archange Montbrison\" \/>\n<meta property=\"og:description\" content=\"Les intentions de pri\u00e8res lors des messes ou des offices \u00a0 \u00a0 \u00a0 \u00a0 \u00a0 \u00a0 \u00a0 \u00a0 \u00a0 \u00a0 \u00a0 \u00a0 \u00a0 \u00a0 \u00a0 \u00a0 \u00a0 \u00a0\u00a0 Vous pouvez mettre une intention pour une personne malade ou qui rencontre &hellip; Continuer la lecture &rarr;\" \/>\n<meta property=\"og:url\" content=\"https:\/\/gallican-montbrison.fr\/wp\/?page_id=431\" \/>\n<meta property=\"og:site_name\" content=\"Chapelle Saint Michel Archange Montbrison\" \/>\n<meta property=\"article:publisher\" content=\"https:\/\/www.facebook.com\/people\/Eglise-Gallicane-Chapelle-Saint-Michel-Archange\/100064564306693\/\" \/>\n<meta property=\"article:modified_time\" content=\"2013-07-29T15:12:34+00:00\" \/>\n<meta property=\"og:image\" content=\"http:\/\/gallican-montbrison.fr\/wp\/wp-content\/uploads\/2012\/02\/eau1-263x300.jpg\" \/>\n<meta name=\"twitter:card\" content=\"summary_large_image\" \/>\n<meta name=\"twitter:label1\" content=\"Dur\u00e9e de lecture estim\u00e9e\" \/>\n\t<meta name=\"twitter:data1\" content=\"1 minute\" \/>\n<script type=\"application\/ld+json\" class=\"yoast-schema-graph\">{\"@context\":\"https:\/\/schema.org\",\"@graph\":[{\"@type\":\"WebPage\",\"@id\":\"https:\/\/gallican-montbrison.fr\/wp\/?page_id=431\",\"url\":\"https:\/\/gallican-montbrison.fr\/wp\/?page_id=431\",\"name\":\"Intentions de pri\u00e8res - Chapelle Saint Michel Archange Montbrison\",\"isPartOf\":{\"@id\":\"https:\/\/gallican-montbrison.fr\/wp\/#website\"},\"primaryImageOfPage\":{\"@id\":\"https:\/\/gallican-montbrison.fr\/wp\/?page_id=431#primaryimage\"},\"image\":{\"@id\":\"https:\/\/gallican-montbrison.fr\/wp\/?page_id=431#primaryimage\"},\"thumbnailUrl\":\"http:\/\/gallican-montbrison.fr\/wp\/wp-content\/uploads\/2012\/02\/eau1-263x300.jpg\",\"datePublished\":\"2012-02-19T21:04:32+00:00\",\"dateModified\":\"2013-07-29T15:12:34+00:00\",\"breadcrumb\":{\"@id\":\"https:\/\/gallican-montbrison.fr\/wp\/?page_id=431#breadcrumb\"},\"inLanguage\":\"fr-FR\",\"potentialAction\":[{\"@type\":\"ReadAction\",\"target\":[\"https:\/\/gallican-montbrison.fr\/wp\/?page_id=431\"]}]},{\"@type\":\"ImageObject\",\"inLanguage\":\"fr-FR\",\"@id\":\"https:\/\/gallican-montbrison.fr\/wp\/?page_id=431#primaryimage\",\"url\":\"https:\/\/gallican-montbrison.fr\/wp\/wp-content\/uploads\/2012\/02\/eau1.jpg\",\"contentUrl\":\"https:\/\/gallican-montbrison.fr\/wp\/wp-content\/uploads\/2012\/02\/eau1.jpg\",\"width\":\"657\",\"height\":\"749\"},{\"@type\":\"BreadcrumbList\",\"@id\":\"https:\/\/gallican-montbrison.fr\/wp\/?page_id=431#breadcrumb\",\"itemListElement\":[{\"@type\":\"ListItem\",\"position\":1,\"name\":\"Accueil\",\"item\":\"https:\/\/gallican-montbrison.fr\/wp\"},{\"@type\":\"ListItem\",\"position\":2,\"name\":\"C\u00e9l\u00e9brations\",\"item\":\"https:\/\/gallican-montbrison.fr\/wp\/?page_id=58\"},{\"@type\":\"ListItem\",\"position\":3,\"name\":\"Intentions de pri\u00e8res\"}]},{\"@type\":\"WebSite\",\"@id\":\"https:\/\/gallican-montbrison.fr\/wp\/#website\",\"url\":\"https:\/\/gallican-montbrison.fr\/wp\/\",\"name\":\"Chapelle Saint Michel Archange Montbrison\",\"description\":\"Eglise Gallicane, Tradition Apostolique de Gazinet\",\"potentialAction\":[{\"@type\":\"SearchAction\",\"target\":{\"@type\":\"EntryPoint\",\"urlTemplate\":\"https:\/\/gallican-montbrison.fr\/wp\/?s={search_term_string}\"},\"query-input\":{\"@type\":\"PropertyValueSpecification\",\"valueRequired\":true,\"valueName\":\"search_term_string\"}}],\"inLanguage\":\"fr-FR\"}]}<\/script>\n<!-- \/ Yoast SEO plugin. -->","yoast_head_json":{"title":"Intentions de pri\u00e8res - Chapelle Saint Michel Archange Montbrison","robots":{"index":"index","follow":"follow","max-snippet":"max-snippet:-1","max-image-preview":"max-image-preview:large","max-video-preview":"max-video-preview:-1"},"canonical":"https:\/\/gallican-montbrison.fr\/wp\/?page_id=431","og_locale":"fr_FR","og_type":"article","og_title":"Intentions de pri\u00e8res - Chapelle Saint Michel Archange Montbrison","og_description":"Les intentions de pri\u00e8res lors des messes ou des offices \u00a0 \u00a0 \u00a0 \u00a0 \u00a0 \u00a0 \u00a0 \u00a0 \u00a0 \u00a0 \u00a0 \u00a0 \u00a0 \u00a0 \u00a0 \u00a0 \u00a0 \u00a0\u00a0 Vous pouvez mettre une intention pour une personne malade ou qui rencontre &hellip; Continuer la lecture &rarr;","og_url":"https:\/\/gallican-montbrison.fr\/wp\/?page_id=431","og_site_name":"Chapelle Saint Michel Archange Montbrison","article_publisher":"https:\/\/www.facebook.com\/people\/Eglise-Gallicane-Chapelle-Saint-Michel-Archange\/100064564306693\/","article_modified_time":"2013-07-29T15:12:34+00:00","og_image":[{"url":"http:\/\/gallican-montbrison.fr\/wp\/wp-content\/uploads\/2012\/02\/eau1-263x300.jpg","type":"","width":"","height":""}],"twitter_card":"summary_large_image","twitter_misc":{"Dur\u00e9e de lecture estim\u00e9e":"1 minute"},"schema":{"@context":"https:\/\/schema.org","@graph":[{"@type":"WebPage","@id":"https:\/\/gallican-montbrison.fr\/wp\/?page_id=431","url":"https:\/\/gallican-montbrison.fr\/wp\/?page_id=431","name":"Intentions de pri\u00e8res - Chapelle Saint Michel Archange Montbrison","isPartOf":{"@id":"https:\/\/gallican-montbrison.fr\/wp\/#website"},"primaryImageOfPage":{"@id":"https:\/\/gallican-montbrison.fr\/wp\/?page_id=431#primaryimage"},"image":{"@id":"https:\/\/gallican-montbrison.fr\/wp\/?page_id=431#primaryimage"},"thumbnailUrl":"http:\/\/gallican-montbrison.fr\/wp\/wp-content\/uploads\/2012\/02\/eau1-263x300.jpg","datePublished":"2012-02-19T21:04:32+00:00","dateModified":"2013-07-29T15:12:34+00:00","breadcrumb":{"@id":"https:\/\/gallican-montbrison.fr\/wp\/?page_id=431#breadcrumb"},"inLanguage":"fr-FR","potentialAction":[{"@type":"ReadAction","target":["https:\/\/gallican-montbrison.fr\/wp\/?page_id=431"]}]},{"@type":"ImageObject","inLanguage":"fr-FR","@id":"https:\/\/gallican-montbrison.fr\/wp\/?page_id=431#primaryimage","url":"https:\/\/gallican-montbrison.fr\/wp\/wp-content\/uploads\/2012\/02\/eau1.jpg","contentUrl":"https:\/\/gallican-montbrison.fr\/wp\/wp-content\/uploads\/2012\/02\/eau1.jpg","width":"657","height":"749"},{"@type":"BreadcrumbList","@id":"https:\/\/gallican-montbrison.fr\/wp\/?page_id=431#breadcrumb","itemListElement":[{"@type":"ListItem","position":1,"name":"Accueil","item":"https:\/\/gallican-montbrison.fr\/wp"},{"@type":"ListItem","position":2,"name":"C\u00e9l\u00e9brations","item":"https:\/\/gallican-montbrison.fr\/wp\/?page_id=58"},{"@type":"ListItem","position":3,"name":"Intentions de pri\u00e8res"}]},{"@type":"WebSite","@id":"https:\/\/gallican-montbrison.fr\/wp\/#website","url":"https:\/\/gallican-montbrison.fr\/wp\/","name":"Chapelle Saint Michel Archange Montbrison","description":"Eglise Gallicane, Tradition Apostolique de Gazinet","potentialAction":[{"@type":"SearchAction","target":{"@type":"EntryPoint","urlTemplate":"https:\/\/gallican-montbrison.fr\/wp\/?s={search_term_string}"},"query-input":{"@type":"PropertyValueSpecification","valueRequired":true,"valueName":"search_term_string"}}],"inLanguage":"fr-FR"}]}},"_links":{"self":[{"href":"https:\/\/gallican-montbrison.fr\/wp\/index.php?rest_route=\/wp\/v2\/pages\/431"}],"collection":[{"href":"https:\/\/gallican-montbrison.fr\/wp\/index.php?rest_route=\/wp\/v2\/pages"}],"about":[{"href":"https:\/\/gallican-montbrison.fr\/wp\/index.php?rest_route=\/wp\/v2\/types\/page"}],"author":[{"embeddable":true,"href":"https:\/\/gallican-montbrison.fr\/wp\/index.php?rest_route=\/wp\/v2\/users\/3"}],"replies":[{"embeddable":true,"href":"https:\/\/gallican-montbrison.fr\/wp\/index.php?rest_route=%2Fwp%2Fv2%2Fcomments&post=431"}],"version-history":[{"count":35,"href":"https:\/\/gallican-montbrison.fr\/wp\/index.php?rest_route=\/wp\/v2\/pages\/431\/revisions"}],"predecessor-version":[{"id":2870,"href":"https:\/\/gallican-montbrison.fr\/wp\/index.php?rest_route=\/wp\/v2\/pages\/431\/revisions\/2870"}],"up":[{"embeddable":true,"href":"https:\/\/gallican-montbrison.fr\/wp\/index.php?rest_route=\/wp\/v2\/pages\/58"}],"wp:attachment":[{"href":"https:\/\/gallican-montbrison.fr\/wp\/index.php?rest_route=%2Fwp%2Fv2%2Fmedia&parent=431"}],"curies":[{"name":"wp","href":"https:\/\/api.w.org\/{rel}","templated":true}]}}