{"id":525,"date":"2012-02-20T10:14:13","date_gmt":"2012-02-20T09:14:13","guid":{"rendered":"http:\/\/gallican-montbrison.fr\/wp\/?page_id=525"},"modified":"2015-05-14T18:58:17","modified_gmt":"2015-05-14T16:58:17","slug":"a-votre-service","status":"publish","type":"page","link":"https:\/\/gallican-montbrison.fr\/wp\/?page_id=525","title":{"rendered":"Infos pratiques"},"content":{"rendered":"<p>&nbsp;<\/p>\n<p><strong><span style=\"color: #ff6600;\"><a href=\"http:\/\/gallican-montbrison.fr\/wp\/wp-content\/uploads\/2012\/02\/images17.jpeg\"><img loading=\"lazy\" decoding=\"async\" class=\"alignright size-full wp-image-1790\" title=\"images\" src=\"http:\/\/gallican-montbrison.fr\/wp\/wp-content\/uploads\/2012\/02\/images17.jpeg\" alt=\"\" width=\"270\" height=\"186\" \/><\/a>Ouverture de la Chapelle \u00e0 tous<\/span><\/strong>\u00a0pour toutes les c\u00e9l\u00e9brations, messes et offices.<\/p>\n<p><strong><span style=\"color: #ff6600;\">Ouverture de la Chapelle \u00e0 tous. <\/span><\/strong>Ecoute et entretiens le Mardi avant l&rsquo;Office de 18h45 selon<strong> <a title=\"bulletin\" href=\"http:\/\/gallican-montbrison.fr\/wp\/?page_id=1419\" target=\"_blank\">le calendrier du bulletin<\/a> <\/strong><span style=\"color: #993366;\">\u00ab\u00a0Le Quatre Temps\u00a0\u00bb<\/span>.<\/p>\n<p><span style=\"color: #000000;\">Accueil, Ecoute, B\u00e9n\u00e9dictions selon les besoins, ou simplement Pri\u00e8re Silencieuse \u00e0 la chapelle. Les religieux vous accueillent aussi suivant vos disponibilit\u00e9s&#8230;il suffit de t\u00e9l\u00e9phoner et de convenir d&rsquo;un rendez-vous.<br \/>\n<\/span><\/p>\n<p><em><strong><span style=\"color: #ff0000;\">L&rsquo;Eglise Gallicane est \u00e0 votre service pour tous les\u00a0<\/span><\/strong><\/em><strong><em><span style=\"color: #3366ff;\"><a title=\"sacrements\" href=\"http:\/\/gallican-montbrison.fr\/wp\/?page_id=259\" target=\"_blank\"><span style=\"color: #3366ff;\">sacrements<\/span><\/a><\/span><\/em><\/strong><em><strong><span style=\"color: #ff0000;\">:\u00a0Bapt\u00eame, \u00a0Eucharistie, Confirmation, Mariage\u00a0\u2026\u00a0entretien\/confession\/absolution,<\/span><\/strong><\/em><\/p>\n<p style=\"text-align: center;\"><strong><span style=\"color: #0000ff;\">Les sacrements donn\u00e9s par l&rsquo;Eglise gallicane sont reconnus valides et accept\u00e9s par toutes les Eglises Chr\u00e9tiennes.\u00a0<\/span><\/strong><\/p>\n<p><span style=\"color: #3366ff;\">Les sacrements peuvent selon le cas \u00eatre donn\u00e9s \u00e0 la Chapelle St Michel, \u00e0 domicile, en salle de r\u00e9ception (mariage, bapt\u00eame), en une chapelle priv\u00e9e (selon possibilit\u00e9s), en un autre lieu selon les besoins (\u00e0 d\u00e9finir ensemble).<\/span><\/p>\n<p><strong><span style=\"color: #ff6600;\">Pour les mariages et bapt\u00eames<\/span><\/strong> nous rencontrons les personnes une ou deux fois avant la c\u00e9l\u00e9bration afin de faire connaissance mutuellement, parler de vous, de vos attentes, de votre Foi et vous\u00a0parler de l&rsquo;Eglise gallicane et de la chapelle.\u00a0Ensuite nous pouvons correspondre par mail, t\u00e9l\u00e9phone ou courrier.<\/p>\n<p>L&rsquo;Eglise Gallicane est \u00e0 l&rsquo;\u00e9coute des personnes divorc\u00e9es qui souhaitent \u00e0 nouveau le sacrement du mariage.<\/p>\n<p><strong><span style=\"color: #ff6600;\">Cat\u00e9chisme\u00a0<\/span><\/strong>pour les enfants du primaire\u00a0un mardi soir ou un mercredi matin par mois. Adressez vos demandes \u00e0 la Chapelle.<\/p>\n<p><strong><span style=\"color: #ff6600;\">L&rsquo;Eglise est \u00e0 votre service aussi pour un accompagnement des personnes en deuil. <\/span><\/strong><\/p>\n<p><strong><span style=\"color: #ff6600;\">L&rsquo;Eglise Gallicane accompagne les familles pour l&rsquo;absoute au cimeti\u00e8re si tel est leur souhait.<br \/>\n<\/span><\/strong><\/p>\n<p><strong><span style=\"color: #ff6600;\">L&rsquo;Eglise est l\u00e0 aussi pour apporter son regard et son soutien lorsque vous le d\u00e9sirez sur des probl\u00e8mes de vie, de famille, de couples, de travail &#8230;<\/span><\/strong>\u00a0prenez rendez-vous et nous vous \u00e9couterons et apporterons un regard ext\u00e9rieur n\u00e9cessaire parfois pour sortir de probl\u00e8mes.<\/p>\n<div>\n<p><span style=\"color: #000000;\"><strong><span style=\"color: #ff6600;\">Les religieux de la chapelle sont \u00e0 votre service pour se rendre \u00e0 domicile si besoin:<\/span><\/strong>\u00a0visites, soutien moral et spirituel, communion, absolution, sacrement des malades, \u00a0&#8230;<\/span><\/p>\n<\/div>\n<p><strong><span style=\"color: #ff6600;\">entretien\/confession\/absolution<\/span><\/strong><\/p>\n<p><strong><span style=\"color: #ff6600;\">L&rsquo;Eglise est l\u00e0 aussi pour donner ses b\u00e9n\u00e9dictions,<\/span><\/strong>\u00a0n&rsquo;h\u00e9sitez pas \u00e0 nous faire part de vos besoins: b\u00e9n\u00e9dictions pour les personnes, adultes et enfants, b\u00e9n\u00e9dictions particuli\u00e8res pour les malades, pour les personnes rencontrant des difficult\u00e9s dans leur vie. B\u00e9n\u00e9diction aussi pour les animaux, les champs, les maisons &#8230; selon le rituel de l&rsquo;Eglise.<\/p>\n<p>&nbsp;<\/p>\n<p style=\"text-align: center;\"><em><span style=\"color: #3366ff;\">Chapelle St Michel Archange \u00a0&#8211; \u00a0tel: 06 89 15 62 57<\/span><\/em><\/p>\n<p style=\"text-align: center;\"><em><span style=\"color: #3366ff;\">1, rue du Panorama 42600 Montbrison<\/span><\/em><\/p>\n<p style=\"text-align: center;\"><em><span style=\"color: #3366ff;\">mail: chapelle@gallican-montbrison.fr<\/span><\/em><\/p>\n<p style=\"text-align: center;\"><em><br \/>\n<\/em><\/p>\n<p style=\"text-align: center;\">\n","protected":false},"excerpt":{"rendered":"<p>&nbsp; Ouverture de la Chapelle \u00e0 tous\u00a0pour toutes les c\u00e9l\u00e9brations, messes et offices. Ouverture de la Chapelle \u00e0 tous. Ecoute et entretiens le Mardi avant l&rsquo;Office de 18h45 selon le calendrier du bulletin \u00ab\u00a0Le Quatre Temps\u00a0\u00bb. Accueil, Ecoute, B\u00e9n\u00e9dictions selon &hellip; <a href=\"https:\/\/gallican-montbrison.fr\/wp\/?page_id=525\">Continuer la lecture <span class=\"meta-nav\">&rarr;<\/span><\/a><\/p>\n","protected":false},"author":3,"featured_media":0,"parent":0,"menu_order":2,"comment_status":"closed","ping_status":"open","template":"","meta":{"footnotes":""},"class_list":["post-525","page","type-page","status-publish","hentry"],"yoast_head":"<!-- This site is optimized with the Yoast SEO plugin v25.6 - https:\/\/yoast.com\/wordpress\/plugins\/seo\/ -->\n<title>Infos pratiques - Chapelle Saint Michel Archange Montbrison<\/title>\n<meta name=\"robots\" content=\"index, follow, max-snippet:-1, max-image-preview:large, max-video-preview:-1\" \/>\n<link rel=\"canonical\" href=\"https:\/\/gallican-montbrison.fr\/wp\/?page_id=525\" \/>\n<meta property=\"og:locale\" content=\"fr_FR\" \/>\n<meta property=\"og:type\" content=\"article\" \/>\n<meta property=\"og:title\" content=\"Infos pratiques - Chapelle Saint Michel Archange Montbrison\" \/>\n<meta property=\"og:description\" content=\"&nbsp; Ouverture de la Chapelle \u00e0 tous\u00a0pour toutes les c\u00e9l\u00e9brations, messes et offices. Ouverture de la Chapelle \u00e0 tous. Ecoute et entretiens le Mardi avant l&rsquo;Office de 18h45 selon le calendrier du bulletin \u00ab\u00a0Le Quatre Temps\u00a0\u00bb. Accueil, Ecoute, B\u00e9n\u00e9dictions selon &hellip; Continuer la lecture &rarr;\" \/>\n<meta property=\"og:url\" content=\"https:\/\/gallican-montbrison.fr\/wp\/?page_id=525\" \/>\n<meta property=\"og:site_name\" content=\"Chapelle Saint Michel Archange Montbrison\" \/>\n<meta property=\"article:publisher\" content=\"https:\/\/www.facebook.com\/people\/Eglise-Gallicane-Chapelle-Saint-Michel-Archange\/100064564306693\/\" \/>\n<meta property=\"article:modified_time\" content=\"2015-05-14T16:58:17+00:00\" \/>\n<meta property=\"og:image\" content=\"http:\/\/gallican-montbrison.fr\/wp\/wp-content\/uploads\/2012\/02\/images17.jpeg\" \/>\n<meta name=\"twitter:card\" content=\"summary_large_image\" \/>\n<meta name=\"twitter:label1\" content=\"Dur\u00e9e de lecture estim\u00e9e\" \/>\n\t<meta name=\"twitter:data1\" content=\"2 minutes\" \/>\n<script type=\"application\/ld+json\" class=\"yoast-schema-graph\">{\"@context\":\"https:\/\/schema.org\",\"@graph\":[{\"@type\":\"WebPage\",\"@id\":\"https:\/\/gallican-montbrison.fr\/wp\/?page_id=525\",\"url\":\"https:\/\/gallican-montbrison.fr\/wp\/?page_id=525\",\"name\":\"Infos pratiques - Chapelle Saint Michel Archange Montbrison\",\"isPartOf\":{\"@id\":\"https:\/\/gallican-montbrison.fr\/wp\/#website\"},\"primaryImageOfPage\":{\"@id\":\"https:\/\/gallican-montbrison.fr\/wp\/?page_id=525#primaryimage\"},\"image\":{\"@id\":\"https:\/\/gallican-montbrison.fr\/wp\/?page_id=525#primaryimage\"},\"thumbnailUrl\":\"http:\/\/gallican-montbrison.fr\/wp\/wp-content\/uploads\/2012\/02\/images17.jpeg\",\"datePublished\":\"2012-02-20T09:14:13+00:00\",\"dateModified\":\"2015-05-14T16:58:17+00:00\",\"breadcrumb\":{\"@id\":\"https:\/\/gallican-montbrison.fr\/wp\/?page_id=525#breadcrumb\"},\"inLanguage\":\"fr-FR\",\"potentialAction\":[{\"@type\":\"ReadAction\",\"target\":[\"https:\/\/gallican-montbrison.fr\/wp\/?page_id=525\"]}]},{\"@type\":\"ImageObject\",\"inLanguage\":\"fr-FR\",\"@id\":\"https:\/\/gallican-montbrison.fr\/wp\/?page_id=525#primaryimage\",\"url\":\"http:\/\/gallican-montbrison.fr\/wp\/wp-content\/uploads\/2012\/02\/images17.jpeg\",\"contentUrl\":\"http:\/\/gallican-montbrison.fr\/wp\/wp-content\/uploads\/2012\/02\/images17.jpeg\"},{\"@type\":\"BreadcrumbList\",\"@id\":\"https:\/\/gallican-montbrison.fr\/wp\/?page_id=525#breadcrumb\",\"itemListElement\":[{\"@type\":\"ListItem\",\"position\":1,\"name\":\"Accueil\",\"item\":\"https:\/\/gallican-montbrison.fr\/wp\"},{\"@type\":\"ListItem\",\"position\":2,\"name\":\"Infos pratiques\"}]},{\"@type\":\"WebSite\",\"@id\":\"https:\/\/gallican-montbrison.fr\/wp\/#website\",\"url\":\"https:\/\/gallican-montbrison.fr\/wp\/\",\"name\":\"Chapelle Saint Michel Archange Montbrison\",\"description\":\"Eglise Gallicane, Tradition Apostolique de Gazinet\",\"potentialAction\":[{\"@type\":\"SearchAction\",\"target\":{\"@type\":\"EntryPoint\",\"urlTemplate\":\"https:\/\/gallican-montbrison.fr\/wp\/?s={search_term_string}\"},\"query-input\":{\"@type\":\"PropertyValueSpecification\",\"valueRequired\":true,\"valueName\":\"search_term_string\"}}],\"inLanguage\":\"fr-FR\"}]}<\/script>\n<!-- \/ Yoast SEO plugin. -->","yoast_head_json":{"title":"Infos pratiques - Chapelle Saint Michel Archange Montbrison","robots":{"index":"index","follow":"follow","max-snippet":"max-snippet:-1","max-image-preview":"max-image-preview:large","max-video-preview":"max-video-preview:-1"},"canonical":"https:\/\/gallican-montbrison.fr\/wp\/?page_id=525","og_locale":"fr_FR","og_type":"article","og_title":"Infos pratiques - Chapelle Saint Michel Archange Montbrison","og_description":"&nbsp; Ouverture de la Chapelle \u00e0 tous\u00a0pour toutes les c\u00e9l\u00e9brations, messes et offices. Ouverture de la Chapelle \u00e0 tous. Ecoute et entretiens le Mardi avant l&rsquo;Office de 18h45 selon le calendrier du bulletin \u00ab\u00a0Le Quatre Temps\u00a0\u00bb. Accueil, Ecoute, B\u00e9n\u00e9dictions selon &hellip; Continuer la lecture &rarr;","og_url":"https:\/\/gallican-montbrison.fr\/wp\/?page_id=525","og_site_name":"Chapelle Saint Michel Archange Montbrison","article_publisher":"https:\/\/www.facebook.com\/people\/Eglise-Gallicane-Chapelle-Saint-Michel-Archange\/100064564306693\/","article_modified_time":"2015-05-14T16:58:17+00:00","og_image":[{"url":"http:\/\/gallican-montbrison.fr\/wp\/wp-content\/uploads\/2012\/02\/images17.jpeg","type":"","width":"","height":""}],"twitter_card":"summary_large_image","twitter_misc":{"Dur\u00e9e de lecture estim\u00e9e":"2 minutes"},"schema":{"@context":"https:\/\/schema.org","@graph":[{"@type":"WebPage","@id":"https:\/\/gallican-montbrison.fr\/wp\/?page_id=525","url":"https:\/\/gallican-montbrison.fr\/wp\/?page_id=525","name":"Infos pratiques - Chapelle Saint Michel Archange Montbrison","isPartOf":{"@id":"https:\/\/gallican-montbrison.fr\/wp\/#website"},"primaryImageOfPage":{"@id":"https:\/\/gallican-montbrison.fr\/wp\/?page_id=525#primaryimage"},"image":{"@id":"https:\/\/gallican-montbrison.fr\/wp\/?page_id=525#primaryimage"},"thumbnailUrl":"http:\/\/gallican-montbrison.fr\/wp\/wp-content\/uploads\/2012\/02\/images17.jpeg","datePublished":"2012-02-20T09:14:13+00:00","dateModified":"2015-05-14T16:58:17+00:00","breadcrumb":{"@id":"https:\/\/gallican-montbrison.fr\/wp\/?page_id=525#breadcrumb"},"inLanguage":"fr-FR","potentialAction":[{"@type":"ReadAction","target":["https:\/\/gallican-montbrison.fr\/wp\/?page_id=525"]}]},{"@type":"ImageObject","inLanguage":"fr-FR","@id":"https:\/\/gallican-montbrison.fr\/wp\/?page_id=525#primaryimage","url":"http:\/\/gallican-montbrison.fr\/wp\/wp-content\/uploads\/2012\/02\/images17.jpeg","contentUrl":"http:\/\/gallican-montbrison.fr\/wp\/wp-content\/uploads\/2012\/02\/images17.jpeg"},{"@type":"BreadcrumbList","@id":"https:\/\/gallican-montbrison.fr\/wp\/?page_id=525#breadcrumb","itemListElement":[{"@type":"ListItem","position":1,"name":"Accueil","item":"https:\/\/gallican-montbrison.fr\/wp"},{"@type":"ListItem","position":2,"name":"Infos pratiques"}]},{"@type":"WebSite","@id":"https:\/\/gallican-montbrison.fr\/wp\/#website","url":"https:\/\/gallican-montbrison.fr\/wp\/","name":"Chapelle Saint Michel Archange Montbrison","description":"Eglise Gallicane, Tradition Apostolique de Gazinet","potentialAction":[{"@type":"SearchAction","target":{"@type":"EntryPoint","urlTemplate":"https:\/\/gallican-montbrison.fr\/wp\/?s={search_term_string}"},"query-input":{"@type":"PropertyValueSpecification","valueRequired":true,"valueName":"search_term_string"}}],"inLanguage":"fr-FR"}]}},"_links":{"self":[{"href":"https:\/\/gallican-montbrison.fr\/wp\/index.php?rest_route=\/wp\/v2\/pages\/525"}],"collection":[{"href":"https:\/\/gallican-montbrison.fr\/wp\/index.php?rest_route=\/wp\/v2\/pages"}],"about":[{"href":"https:\/\/gallican-montbrison.fr\/wp\/index.php?rest_route=\/wp\/v2\/types\/page"}],"author":[{"embeddable":true,"href":"https:\/\/gallican-montbrison.fr\/wp\/index.php?rest_route=\/wp\/v2\/users\/3"}],"replies":[{"embeddable":true,"href":"https:\/\/gallican-montbrison.fr\/wp\/index.php?rest_route=%2Fwp%2Fv2%2Fcomments&post=525"}],"version-history":[{"count":58,"href":"https:\/\/gallican-montbrison.fr\/wp\/index.php?rest_route=\/wp\/v2\/pages\/525\/revisions"}],"predecessor-version":[{"id":3995,"href":"https:\/\/gallican-montbrison.fr\/wp\/index.php?rest_route=\/wp\/v2\/pages\/525\/revisions\/3995"}],"wp:attachment":[{"href":"https:\/\/gallican-montbrison.fr\/wp\/index.php?rest_route=%2Fwp%2Fv2%2Fmedia&parent=525"}],"curies":[{"name":"wp","href":"https:\/\/api.w.org\/{rel}","templated":true}]}}