{"id":58,"date":"2012-02-17T12:26:37","date_gmt":"2012-02-17T11:26:37","guid":{"rendered":"http:\/\/gallican-montbrison.fr\/wp\/?page_id=58"},"modified":"2014-03-02T18:39:17","modified_gmt":"2014-03-02T17:39:17","slug":"bulletin-en-ligne-le-quatre-temps","status":"publish","type":"page","link":"https:\/\/gallican-montbrison.fr\/wp\/?page_id=58","title":{"rendered":"C\u00e9l\u00e9brations"},"content":{"rendered":"<p><a href=\"http:\/\/gallican-montbrison.fr\/wp\/wp-content\/uploads\/2012\/02\/images9.jpeg\"><img loading=\"lazy\" decoding=\"async\" class=\"alignleft size-thumbnail wp-image-1433\" title=\"images\" alt=\"\" src=\"http:\/\/gallican-montbrison.fr\/wp\/wp-content\/uploads\/2012\/02\/images9-150x150.jpg\" width=\"150\" height=\"150\" \/><\/a><a href=\"http:\/\/gallican-montbrison.fr\/wp\/wp-content\/uploads\/2012\/02\/DSC024412.jpg\"><img loading=\"lazy\" decoding=\"async\" class=\"alignleft size-thumbnail wp-image-1440\" title=\"DSC02441\" alt=\"\" src=\"http:\/\/gallican-montbrison.fr\/wp\/wp-content\/uploads\/2012\/02\/DSC024412-150x150.jpg\" width=\"150\" height=\"150\" \/><\/a><a href=\"http:\/\/gallican-montbrison.fr\/wp\/wp-content\/uploads\/2012\/02\/DSC_00151-e1332006926147.jpg\"><img loading=\"lazy\" decoding=\"async\" class=\"alignleft size-thumbnail wp-image-1441\" title=\"DSC_0015\" alt=\"\" src=\"http:\/\/gallican-montbrison.fr\/wp\/wp-content\/uploads\/2012\/02\/DSC_00151-e1332006926147-150x150.jpg\" width=\"150\" height=\"150\" \/><\/a><\/p>\n<p>&nbsp;<\/p>\n<p>&nbsp;<\/p>\n<p>&nbsp;<\/p>\n<p>&nbsp;<\/p>\n<p><em><span style=\"color: #3366ff;\">Plus d&rsquo;infos &#8230; cliquez sur les liens.<\/span><\/em><\/p>\n<p><span style=\"color: #3366ff;\"><a title=\"Intentions de pri\u00e8res\" href=\"http:\/\/gallican-montbrison.fr\/wp\/?page_id=431\" target=\"_blank\"><span style=\"color: #3366ff;\">Intentions de pri\u00e8res<\/span><\/a><\/span><\/p>\n<p>Vous avez des soucis qui vous encombrent l&rsquo;esprit, des difficult\u00e9s dans votre vie, des ennuis de sant\u00e9&#8230; l&rsquo;Eglise est \u00e0 votre \u00e9coute. Les c\u00e9l\u00e9brations et intentions de pri\u00e8res qui y sont d\u00e9pos\u00e9es sont un bon moyen de vous confier \u00e0 Dieu et de soulager votre fardeau. N&rsquo;h\u00e9sitez pas \u00e0 nous en faire part.<\/p>\n<p><span style=\"color: #3366ff;\"><a title=\"Hom\u00e9lies\" href=\"http:\/\/gallican-montbrison.fr\/wp\/?cat=4\" target=\"_blank\"><span style=\"color: #3366ff;\">Hom\u00e9lies<\/span><\/a><\/span><\/p>\n<p>Soit \u00e0 lire &#8211; \u00a0 Soit \u00e0 \u00e9couter en MP3<\/p>\n<p>Les c\u00e9l\u00e9brations reprennent \u00ab\u00a0La Parole\u00a0\u00bb de Dieu par les textes du jour, Ep\u00eetre et Evangile. L&rsquo;hom\u00e9lie est l\u00e0 pour apporter un \u00e9clat particulier sur ces textes. Selon le moment les religieux insisteront davantage sur le c\u00f4t\u00e9 symbolique, le sens spirituel d&rsquo;un texte, l&rsquo;explication des paraboles qui nous sont propos\u00e9es &#8230; en insistant sur ce qu&rsquo;ils nous disent \u00e0 nous Chr\u00e9tiens d&rsquo;aujourd&rsquo;hui.<\/p>\n<p><span style=\"color: #3366ff;\"><a title=\"Ann\u00e9e liturgique\" href=\"http:\/\/gallican-montbrison.fr\/wp\/?page_id=123\" target=\"_blank\"><span style=\"color: #3366ff;\">Ann\u00e9e liturgique<\/span><\/a><\/span><\/p>\n<p>C&rsquo;est la respiration de l&rsquo;Eglise. C&rsquo;est elle qui nous replonge dans la vie et le message du Christ quand la messe suit \u00ab\u00a0le Temporal\u00a0\u00bb,\u00a0la vie des Saints quand les messes suivent \u00ab\u00a0le Sanctoral\u00a0\u00bb.<\/p>\n","protected":false},"excerpt":{"rendered":"<p>&nbsp; &nbsp; &nbsp; &nbsp; Plus d&rsquo;infos &#8230; cliquez sur les liens. Intentions de pri\u00e8res Vous avez des soucis qui vous encombrent l&rsquo;esprit, des difficult\u00e9s dans votre vie, des ennuis de sant\u00e9&#8230; l&rsquo;Eglise est \u00e0 votre \u00e9coute. Les c\u00e9l\u00e9brations et intentions &hellip; <a href=\"https:\/\/gallican-montbrison.fr\/wp\/?page_id=58\">Continuer la lecture <span class=\"meta-nav\">&rarr;<\/span><\/a><\/p>\n","protected":false},"author":3,"featured_media":720,"parent":0,"menu_order":0,"comment_status":"closed","ping_status":"open","template":"","meta":{"footnotes":""},"class_list":["post-58","page","type-page","status-publish","has-post-thumbnail","hentry"],"yoast_head":"<!-- This site is optimized with the Yoast SEO plugin v25.6 - https:\/\/yoast.com\/wordpress\/plugins\/seo\/ -->\n<title>C\u00e9l\u00e9brations - Chapelle Saint Michel Archange Montbrison<\/title>\n<meta name=\"robots\" content=\"index, follow, max-snippet:-1, max-image-preview:large, max-video-preview:-1\" \/>\n<link rel=\"canonical\" href=\"https:\/\/gallican-montbrison.fr\/wp\/?page_id=58\" \/>\n<meta property=\"og:locale\" content=\"fr_FR\" \/>\n<meta property=\"og:type\" content=\"article\" \/>\n<meta property=\"og:title\" content=\"C\u00e9l\u00e9brations - Chapelle Saint Michel Archange Montbrison\" \/>\n<meta property=\"og:description\" content=\"&nbsp; &nbsp; &nbsp; &nbsp; Plus d&rsquo;infos &#8230; cliquez sur les liens. Intentions de pri\u00e8res Vous avez des soucis qui vous encombrent l&rsquo;esprit, des difficult\u00e9s dans votre vie, des ennuis de sant\u00e9&#8230; l&rsquo;Eglise est \u00e0 votre \u00e9coute. Les c\u00e9l\u00e9brations et intentions &hellip; Continuer la lecture &rarr;\" \/>\n<meta property=\"og:url\" content=\"https:\/\/gallican-montbrison.fr\/wp\/?page_id=58\" \/>\n<meta property=\"og:site_name\" content=\"Chapelle Saint Michel Archange Montbrison\" \/>\n<meta property=\"article:publisher\" content=\"https:\/\/www.facebook.com\/people\/Eglise-Gallicane-Chapelle-Saint-Michel-Archange\/100064564306693\/\" \/>\n<meta property=\"article:modified_time\" content=\"2014-03-02T17:39:17+00:00\" \/>\n<meta property=\"og:image\" content=\"https:\/\/gallican-montbrison.fr\/wp\/wp-content\/uploads\/2012\/02\/gallican-montbrison-page-haut-site.jpg\" \/>\n\t<meta property=\"og:image:width\" content=\"1497\" \/>\n\t<meta property=\"og:image:height\" content=\"312\" \/>\n\t<meta property=\"og:image:type\" content=\"image\/jpeg\" \/>\n<meta name=\"twitter:card\" content=\"summary_large_image\" \/>\n<meta name=\"twitter:label1\" content=\"Dur\u00e9e de lecture estim\u00e9e\" \/>\n\t<meta name=\"twitter:data1\" content=\"1 minute\" \/>\n<script type=\"application\/ld+json\" class=\"yoast-schema-graph\">{\"@context\":\"https:\/\/schema.org\",\"@graph\":[{\"@type\":\"WebPage\",\"@id\":\"https:\/\/gallican-montbrison.fr\/wp\/?page_id=58\",\"url\":\"https:\/\/gallican-montbrison.fr\/wp\/?page_id=58\",\"name\":\"C\u00e9l\u00e9brations - Chapelle Saint Michel Archange Montbrison\",\"isPartOf\":{\"@id\":\"https:\/\/gallican-montbrison.fr\/wp\/#website\"},\"primaryImageOfPage\":{\"@id\":\"https:\/\/gallican-montbrison.fr\/wp\/?page_id=58#primaryimage\"},\"image\":{\"@id\":\"https:\/\/gallican-montbrison.fr\/wp\/?page_id=58#primaryimage\"},\"thumbnailUrl\":\"https:\/\/gallican-montbrison.fr\/wp\/wp-content\/uploads\/2012\/02\/gallican-montbrison-page-haut-site.jpg\",\"datePublished\":\"2012-02-17T11:26:37+00:00\",\"dateModified\":\"2014-03-02T17:39:17+00:00\",\"breadcrumb\":{\"@id\":\"https:\/\/gallican-montbrison.fr\/wp\/?page_id=58#breadcrumb\"},\"inLanguage\":\"fr-FR\",\"potentialAction\":[{\"@type\":\"ReadAction\",\"target\":[\"https:\/\/gallican-montbrison.fr\/wp\/?page_id=58\"]}]},{\"@type\":\"ImageObject\",\"inLanguage\":\"fr-FR\",\"@id\":\"https:\/\/gallican-montbrison.fr\/wp\/?page_id=58#primaryimage\",\"url\":\"https:\/\/gallican-montbrison.fr\/wp\/wp-content\/uploads\/2012\/02\/gallican-montbrison-page-haut-site.jpg\",\"contentUrl\":\"https:\/\/gallican-montbrison.fr\/wp\/wp-content\/uploads\/2012\/02\/gallican-montbrison-page-haut-site.jpg\",\"width\":\"1497\",\"height\":\"312\"},{\"@type\":\"BreadcrumbList\",\"@id\":\"https:\/\/gallican-montbrison.fr\/wp\/?page_id=58#breadcrumb\",\"itemListElement\":[{\"@type\":\"ListItem\",\"position\":1,\"name\":\"Accueil\",\"item\":\"https:\/\/gallican-montbrison.fr\/wp\"},{\"@type\":\"ListItem\",\"position\":2,\"name\":\"C\u00e9l\u00e9brations\"}]},{\"@type\":\"WebSite\",\"@id\":\"https:\/\/gallican-montbrison.fr\/wp\/#website\",\"url\":\"https:\/\/gallican-montbrison.fr\/wp\/\",\"name\":\"Chapelle Saint Michel Archange Montbrison\",\"description\":\"Eglise Gallicane, Tradition Apostolique de Gazinet\",\"potentialAction\":[{\"@type\":\"SearchAction\",\"target\":{\"@type\":\"EntryPoint\",\"urlTemplate\":\"https:\/\/gallican-montbrison.fr\/wp\/?s={search_term_string}\"},\"query-input\":{\"@type\":\"PropertyValueSpecification\",\"valueRequired\":true,\"valueName\":\"search_term_string\"}}],\"inLanguage\":\"fr-FR\"}]}<\/script>\n<!-- \/ Yoast SEO plugin. -->","yoast_head_json":{"title":"C\u00e9l\u00e9brations - Chapelle Saint Michel Archange Montbrison","robots":{"index":"index","follow":"follow","max-snippet":"max-snippet:-1","max-image-preview":"max-image-preview:large","max-video-preview":"max-video-preview:-1"},"canonical":"https:\/\/gallican-montbrison.fr\/wp\/?page_id=58","og_locale":"fr_FR","og_type":"article","og_title":"C\u00e9l\u00e9brations - Chapelle Saint Michel Archange Montbrison","og_description":"&nbsp; &nbsp; &nbsp; &nbsp; Plus d&rsquo;infos &#8230; cliquez sur les liens. Intentions de pri\u00e8res Vous avez des soucis qui vous encombrent l&rsquo;esprit, des difficult\u00e9s dans votre vie, des ennuis de sant\u00e9&#8230; l&rsquo;Eglise est \u00e0 votre \u00e9coute. Les c\u00e9l\u00e9brations et intentions &hellip; Continuer la lecture &rarr;","og_url":"https:\/\/gallican-montbrison.fr\/wp\/?page_id=58","og_site_name":"Chapelle Saint Michel Archange Montbrison","article_publisher":"https:\/\/www.facebook.com\/people\/Eglise-Gallicane-Chapelle-Saint-Michel-Archange\/100064564306693\/","article_modified_time":"2014-03-02T17:39:17+00:00","og_image":[{"width":1497,"height":312,"url":"https:\/\/gallican-montbrison.fr\/wp\/wp-content\/uploads\/2012\/02\/gallican-montbrison-page-haut-site.jpg","type":"image\/jpeg"}],"twitter_card":"summary_large_image","twitter_misc":{"Dur\u00e9e de lecture estim\u00e9e":"1 minute"},"schema":{"@context":"https:\/\/schema.org","@graph":[{"@type":"WebPage","@id":"https:\/\/gallican-montbrison.fr\/wp\/?page_id=58","url":"https:\/\/gallican-montbrison.fr\/wp\/?page_id=58","name":"C\u00e9l\u00e9brations - Chapelle Saint Michel Archange Montbrison","isPartOf":{"@id":"https:\/\/gallican-montbrison.fr\/wp\/#website"},"primaryImageOfPage":{"@id":"https:\/\/gallican-montbrison.fr\/wp\/?page_id=58#primaryimage"},"image":{"@id":"https:\/\/gallican-montbrison.fr\/wp\/?page_id=58#primaryimage"},"thumbnailUrl":"https:\/\/gallican-montbrison.fr\/wp\/wp-content\/uploads\/2012\/02\/gallican-montbrison-page-haut-site.jpg","datePublished":"2012-02-17T11:26:37+00:00","dateModified":"2014-03-02T17:39:17+00:00","breadcrumb":{"@id":"https:\/\/gallican-montbrison.fr\/wp\/?page_id=58#breadcrumb"},"inLanguage":"fr-FR","potentialAction":[{"@type":"ReadAction","target":["https:\/\/gallican-montbrison.fr\/wp\/?page_id=58"]}]},{"@type":"ImageObject","inLanguage":"fr-FR","@id":"https:\/\/gallican-montbrison.fr\/wp\/?page_id=58#primaryimage","url":"https:\/\/gallican-montbrison.fr\/wp\/wp-content\/uploads\/2012\/02\/gallican-montbrison-page-haut-site.jpg","contentUrl":"https:\/\/gallican-montbrison.fr\/wp\/wp-content\/uploads\/2012\/02\/gallican-montbrison-page-haut-site.jpg","width":"1497","height":"312"},{"@type":"BreadcrumbList","@id":"https:\/\/gallican-montbrison.fr\/wp\/?page_id=58#breadcrumb","itemListElement":[{"@type":"ListItem","position":1,"name":"Accueil","item":"https:\/\/gallican-montbrison.fr\/wp"},{"@type":"ListItem","position":2,"name":"C\u00e9l\u00e9brations"}]},{"@type":"WebSite","@id":"https:\/\/gallican-montbrison.fr\/wp\/#website","url":"https:\/\/gallican-montbrison.fr\/wp\/","name":"Chapelle Saint Michel Archange Montbrison","description":"Eglise Gallicane, Tradition Apostolique de Gazinet","potentialAction":[{"@type":"SearchAction","target":{"@type":"EntryPoint","urlTemplate":"https:\/\/gallican-montbrison.fr\/wp\/?s={search_term_string}"},"query-input":{"@type":"PropertyValueSpecification","valueRequired":true,"valueName":"search_term_string"}}],"inLanguage":"fr-FR"}]}},"_links":{"self":[{"href":"https:\/\/gallican-montbrison.fr\/wp\/index.php?rest_route=\/wp\/v2\/pages\/58"}],"collection":[{"href":"https:\/\/gallican-montbrison.fr\/wp\/index.php?rest_route=\/wp\/v2\/pages"}],"about":[{"href":"https:\/\/gallican-montbrison.fr\/wp\/index.php?rest_route=\/wp\/v2\/types\/page"}],"author":[{"embeddable":true,"href":"https:\/\/gallican-montbrison.fr\/wp\/index.php?rest_route=\/wp\/v2\/users\/3"}],"replies":[{"embeddable":true,"href":"https:\/\/gallican-montbrison.fr\/wp\/index.php?rest_route=%2Fwp%2Fv2%2Fcomments&post=58"}],"version-history":[{"count":54,"href":"https:\/\/gallican-montbrison.fr\/wp\/index.php?rest_route=\/wp\/v2\/pages\/58\/revisions"}],"predecessor-version":[{"id":3225,"href":"https:\/\/gallican-montbrison.fr\/wp\/index.php?rest_route=\/wp\/v2\/pages\/58\/revisions\/3225"}],"wp:featuredmedia":[{"embeddable":true,"href":"https:\/\/gallican-montbrison.fr\/wp\/index.php?rest_route=\/wp\/v2\/media\/720"}],"wp:attachment":[{"href":"https:\/\/gallican-montbrison.fr\/wp\/index.php?rest_route=%2Fwp%2Fv2%2Fmedia&parent=58"}],"curies":[{"name":"wp","href":"https:\/\/api.w.org\/{rel}","templated":true}]}}