{"id":676,"date":"2012-02-22T16:21:55","date_gmt":"2012-02-22T15:21:55","guid":{"rendered":"http:\/\/gallican-montbrison.fr\/wp\/?page_id=676"},"modified":"2014-05-14T10:40:00","modified_gmt":"2014-05-14T08:40:00","slug":"oecumenisme-3","status":"publish","type":"page","link":"https:\/\/gallican-montbrison.fr\/wp\/?page_id=676","title":{"rendered":"Oecum\u00e9nisme"},"content":{"rendered":"<p><img loading=\"lazy\" decoding=\"async\" class=\"alignleft size-thumbnail wp-image-753\" title=\"images\" src=\"http:\/\/gallican-montbrison.fr\/wp\/wp-content\/uploads\/2012\/02\/images6-150x150.jpg\" alt=\"\" width=\"150\" height=\"150\" \/><img loading=\"lazy\" decoding=\"async\" class=\"alignleft size-thumbnail wp-image-2634\" title=\"Unknown-1\" src=\"http:\/\/gallican-montbrison.fr\/wp\/wp-content\/uploads\/2012\/02\/Unknown-1-150x150.jpeg\" alt=\"\" width=\"150\" height=\"150\" \/><a href=\"http:\/\/gallican-montbrison.fr\/wp\/wp-content\/uploads\/2012\/02\/images18.jpeg\"><img loading=\"lazy\" decoding=\"async\" class=\"alignleft size-thumbnail wp-image-2633\" title=\"images\" src=\"http:\/\/gallican-montbrison.fr\/wp\/wp-content\/uploads\/2012\/02\/images18-150x150.jpeg\" alt=\"\" width=\"150\" height=\"150\" \/><\/a><\/p>\n<p>&nbsp;<\/p>\n<p>&nbsp;<\/p>\n<p>&nbsp;<\/p>\n<p>&nbsp;<\/p>\n<p><em><span style=\"color: #3366ff;\">Plus d\u2019infos \u2026 cliquez sur les liens.<\/span>\u00a0<\/em><\/p>\n<p><span style=\"color: #3366ff;\"><span style=\"color: #3366ff;\"><a href=\"http:\/\/gallican-montbrison.fr\/wp\/?page_id=2996\" target=\"_blank\">Partages bibliques oecum\u00e9niques<\/a><br \/>\n<\/span><\/span><\/p>\n<p>Une fois par mois, un \u00ab\u00a0Partage biblique oecum\u00e9nique\u00a0\u00bb est propos\u00e9 afin d&rsquo;approfondir ensemble les textes bibliques.<\/p>\n<p>Accessible \u00e0 tous, il \u00a0donne un nouvel \u00e9lan \u00e0 notre vie de chr\u00e9tien. Chaque participant, chaque communaut\u00e9 pr\u00e9sente, donne sa lecture du texte choisi et nous nous enrichissons de notre \u00e9coute, de nos similitudes et de nos diff\u00e9rences.<\/p>\n<p>Il regroupe des catholiques romains, des gallicans, des protestants, des personnes qui souhaitent parler de spiritualit\u00e9 et de religion.<\/p>\n<p>&nbsp;<\/p>\n<p><span style=\"color: #3366ff;\"><a title=\"rencontres oecum\u00e9niques\" href=\"http:\/\/gallican-montbrison.fr\/wp\/?page_id=2640\" target=\"_blank\"><span style=\"color: #3366ff;\">Rencontres\u00a0oecum\u00e9niques<\/span><\/a><\/span><\/p>\n<p>Au cours du si\u00e8cle dernier, la r\u00e9conciliation des chr\u00e9tiens a pris des formes diverses. L&rsquo;oecum\u00e9nisme chr\u00e9tien est devenu une valeur importante aux yeux de nombreux th\u00e9ologiens et beaucoup d&rsquo;\u00e9nergies se sont mobilis\u00e9es en ce sens. A Montbrison les diff\u00e9rentes communaut\u00e9s se retrouvent et prient ensemble deux fois par an.<\/p>\n<p>&nbsp;<\/p>\n<p><span style=\"color: #3366ff;\"><a title=\"chorale oecum\u00e9nique\" href=\"http:\/\/gallican-montbrison.fr\/wp\/?page_id=2618\" target=\"_blank\"><span style=\"color: #3366ff;\">Chorale oecum\u00e9nique<\/span><\/a><\/span><\/p>\n<p>Une chorale oecum\u00e9nique fonctionne sur Montbrison depuis 2011. Elle regroupe des Protestants, des Catholiques romains, des Catholiques gallicans et des Orthodoxes. Ce ne sont pas des professionnels seulement des personnes qui ont envie de se conna\u00eetre et de chanter ensemble. N&rsquo;h\u00e9sitez pas \u00e0 les rejoindre.<\/p>\n<div><\/div>\n","protected":false},"excerpt":{"rendered":"<p>&nbsp; &nbsp; &nbsp; &nbsp; Plus d\u2019infos \u2026 cliquez sur les liens.\u00a0 Partages bibliques oecum\u00e9niques Une fois par mois, un \u00ab\u00a0Partage biblique oecum\u00e9nique\u00a0\u00bb est propos\u00e9 afin d&rsquo;approfondir ensemble les textes bibliques. Accessible \u00e0 tous, il \u00a0donne un nouvel \u00e9lan \u00e0 notre &hellip; <a href=\"https:\/\/gallican-montbrison.fr\/wp\/?page_id=676\">Continuer la lecture <span class=\"meta-nav\">&rarr;<\/span><\/a><\/p>\n","protected":false},"author":3,"featured_media":0,"parent":0,"menu_order":0,"comment_status":"closed","ping_status":"open","template":"","meta":{"footnotes":""},"class_list":["post-676","page","type-page","status-publish","hentry"],"yoast_head":"<!-- This site is optimized with the Yoast SEO plugin v25.6 - https:\/\/yoast.com\/wordpress\/plugins\/seo\/ -->\n<title>Oecum\u00e9nisme - Chapelle Saint Michel Archange Montbrison<\/title>\n<meta name=\"robots\" content=\"index, follow, max-snippet:-1, max-image-preview:large, max-video-preview:-1\" \/>\n<link rel=\"canonical\" href=\"https:\/\/gallican-montbrison.fr\/wp\/?page_id=676\" \/>\n<meta property=\"og:locale\" content=\"fr_FR\" \/>\n<meta property=\"og:type\" content=\"article\" \/>\n<meta property=\"og:title\" content=\"Oecum\u00e9nisme - Chapelle Saint Michel Archange Montbrison\" \/>\n<meta property=\"og:description\" content=\"&nbsp; &nbsp; &nbsp; &nbsp; Plus d\u2019infos \u2026 cliquez sur les liens.\u00a0 Partages bibliques oecum\u00e9niques Une fois par mois, un \u00ab\u00a0Partage biblique oecum\u00e9nique\u00a0\u00bb est propos\u00e9 afin d&rsquo;approfondir ensemble les textes bibliques. Accessible \u00e0 tous, il \u00a0donne un nouvel \u00e9lan \u00e0 notre &hellip; Continuer la lecture &rarr;\" \/>\n<meta property=\"og:url\" content=\"https:\/\/gallican-montbrison.fr\/wp\/?page_id=676\" \/>\n<meta property=\"og:site_name\" content=\"Chapelle Saint Michel Archange Montbrison\" \/>\n<meta property=\"article:publisher\" content=\"https:\/\/www.facebook.com\/people\/Eglise-Gallicane-Chapelle-Saint-Michel-Archange\/100064564306693\/\" \/>\n<meta property=\"article:modified_time\" content=\"2014-05-14T08:40:00+00:00\" \/>\n<meta property=\"og:image\" content=\"http:\/\/gallican-montbrison.fr\/wp\/wp-content\/uploads\/2012\/02\/images6-150x150.jpg\" \/>\n<meta name=\"twitter:card\" content=\"summary_large_image\" \/>\n<meta name=\"twitter:label1\" content=\"Dur\u00e9e de lecture estim\u00e9e\" \/>\n\t<meta name=\"twitter:data1\" content=\"1 minute\" \/>\n<script type=\"application\/ld+json\" class=\"yoast-schema-graph\">{\"@context\":\"https:\/\/schema.org\",\"@graph\":[{\"@type\":\"WebPage\",\"@id\":\"https:\/\/gallican-montbrison.fr\/wp\/?page_id=676\",\"url\":\"https:\/\/gallican-montbrison.fr\/wp\/?page_id=676\",\"name\":\"Oecum\u00e9nisme - Chapelle Saint Michel Archange Montbrison\",\"isPartOf\":{\"@id\":\"https:\/\/gallican-montbrison.fr\/wp\/#website\"},\"primaryImageOfPage\":{\"@id\":\"https:\/\/gallican-montbrison.fr\/wp\/?page_id=676#primaryimage\"},\"image\":{\"@id\":\"https:\/\/gallican-montbrison.fr\/wp\/?page_id=676#primaryimage\"},\"thumbnailUrl\":\"http:\/\/gallican-montbrison.fr\/wp\/wp-content\/uploads\/2012\/02\/images6-150x150.jpg\",\"datePublished\":\"2012-02-22T15:21:55+00:00\",\"dateModified\":\"2014-05-14T08:40:00+00:00\",\"breadcrumb\":{\"@id\":\"https:\/\/gallican-montbrison.fr\/wp\/?page_id=676#breadcrumb\"},\"inLanguage\":\"fr-FR\",\"potentialAction\":[{\"@type\":\"ReadAction\",\"target\":[\"https:\/\/gallican-montbrison.fr\/wp\/?page_id=676\"]}]},{\"@type\":\"ImageObject\",\"inLanguage\":\"fr-FR\",\"@id\":\"https:\/\/gallican-montbrison.fr\/wp\/?page_id=676#primaryimage\",\"url\":\"https:\/\/gallican-montbrison.fr\/wp\/wp-content\/uploads\/2012\/02\/images6.jpeg\",\"contentUrl\":\"https:\/\/gallican-montbrison.fr\/wp\/wp-content\/uploads\/2012\/02\/images6.jpeg\",\"width\":\"275\",\"height\":\"183\"},{\"@type\":\"BreadcrumbList\",\"@id\":\"https:\/\/gallican-montbrison.fr\/wp\/?page_id=676#breadcrumb\",\"itemListElement\":[{\"@type\":\"ListItem\",\"position\":1,\"name\":\"Accueil\",\"item\":\"https:\/\/gallican-montbrison.fr\/wp\"},{\"@type\":\"ListItem\",\"position\":2,\"name\":\"Oecum\u00e9nisme\"}]},{\"@type\":\"WebSite\",\"@id\":\"https:\/\/gallican-montbrison.fr\/wp\/#website\",\"url\":\"https:\/\/gallican-montbrison.fr\/wp\/\",\"name\":\"Chapelle Saint Michel Archange Montbrison\",\"description\":\"Eglise Gallicane, Tradition Apostolique de Gazinet\",\"potentialAction\":[{\"@type\":\"SearchAction\",\"target\":{\"@type\":\"EntryPoint\",\"urlTemplate\":\"https:\/\/gallican-montbrison.fr\/wp\/?s={search_term_string}\"},\"query-input\":{\"@type\":\"PropertyValueSpecification\",\"valueRequired\":true,\"valueName\":\"search_term_string\"}}],\"inLanguage\":\"fr-FR\"}]}<\/script>\n<!-- \/ Yoast SEO plugin. -->","yoast_head_json":{"title":"Oecum\u00e9nisme - Chapelle Saint Michel Archange Montbrison","robots":{"index":"index","follow":"follow","max-snippet":"max-snippet:-1","max-image-preview":"max-image-preview:large","max-video-preview":"max-video-preview:-1"},"canonical":"https:\/\/gallican-montbrison.fr\/wp\/?page_id=676","og_locale":"fr_FR","og_type":"article","og_title":"Oecum\u00e9nisme - Chapelle Saint Michel Archange Montbrison","og_description":"&nbsp; &nbsp; &nbsp; &nbsp; Plus d\u2019infos \u2026 cliquez sur les liens.\u00a0 Partages bibliques oecum\u00e9niques Une fois par mois, un \u00ab\u00a0Partage biblique oecum\u00e9nique\u00a0\u00bb est propos\u00e9 afin d&rsquo;approfondir ensemble les textes bibliques. Accessible \u00e0 tous, il \u00a0donne un nouvel \u00e9lan \u00e0 notre &hellip; Continuer la lecture &rarr;","og_url":"https:\/\/gallican-montbrison.fr\/wp\/?page_id=676","og_site_name":"Chapelle Saint Michel Archange Montbrison","article_publisher":"https:\/\/www.facebook.com\/people\/Eglise-Gallicane-Chapelle-Saint-Michel-Archange\/100064564306693\/","article_modified_time":"2014-05-14T08:40:00+00:00","og_image":[{"url":"http:\/\/gallican-montbrison.fr\/wp\/wp-content\/uploads\/2012\/02\/images6-150x150.jpg","type":"","width":"","height":""}],"twitter_card":"summary_large_image","twitter_misc":{"Dur\u00e9e de lecture estim\u00e9e":"1 minute"},"schema":{"@context":"https:\/\/schema.org","@graph":[{"@type":"WebPage","@id":"https:\/\/gallican-montbrison.fr\/wp\/?page_id=676","url":"https:\/\/gallican-montbrison.fr\/wp\/?page_id=676","name":"Oecum\u00e9nisme - Chapelle Saint Michel Archange Montbrison","isPartOf":{"@id":"https:\/\/gallican-montbrison.fr\/wp\/#website"},"primaryImageOfPage":{"@id":"https:\/\/gallican-montbrison.fr\/wp\/?page_id=676#primaryimage"},"image":{"@id":"https:\/\/gallican-montbrison.fr\/wp\/?page_id=676#primaryimage"},"thumbnailUrl":"http:\/\/gallican-montbrison.fr\/wp\/wp-content\/uploads\/2012\/02\/images6-150x150.jpg","datePublished":"2012-02-22T15:21:55+00:00","dateModified":"2014-05-14T08:40:00+00:00","breadcrumb":{"@id":"https:\/\/gallican-montbrison.fr\/wp\/?page_id=676#breadcrumb"},"inLanguage":"fr-FR","potentialAction":[{"@type":"ReadAction","target":["https:\/\/gallican-montbrison.fr\/wp\/?page_id=676"]}]},{"@type":"ImageObject","inLanguage":"fr-FR","@id":"https:\/\/gallican-montbrison.fr\/wp\/?page_id=676#primaryimage","url":"https:\/\/gallican-montbrison.fr\/wp\/wp-content\/uploads\/2012\/02\/images6.jpeg","contentUrl":"https:\/\/gallican-montbrison.fr\/wp\/wp-content\/uploads\/2012\/02\/images6.jpeg","width":"275","height":"183"},{"@type":"BreadcrumbList","@id":"https:\/\/gallican-montbrison.fr\/wp\/?page_id=676#breadcrumb","itemListElement":[{"@type":"ListItem","position":1,"name":"Accueil","item":"https:\/\/gallican-montbrison.fr\/wp"},{"@type":"ListItem","position":2,"name":"Oecum\u00e9nisme"}]},{"@type":"WebSite","@id":"https:\/\/gallican-montbrison.fr\/wp\/#website","url":"https:\/\/gallican-montbrison.fr\/wp\/","name":"Chapelle Saint Michel Archange Montbrison","description":"Eglise Gallicane, Tradition Apostolique de Gazinet","potentialAction":[{"@type":"SearchAction","target":{"@type":"EntryPoint","urlTemplate":"https:\/\/gallican-montbrison.fr\/wp\/?s={search_term_string}"},"query-input":{"@type":"PropertyValueSpecification","valueRequired":true,"valueName":"search_term_string"}}],"inLanguage":"fr-FR"}]}},"_links":{"self":[{"href":"https:\/\/gallican-montbrison.fr\/wp\/index.php?rest_route=\/wp\/v2\/pages\/676"}],"collection":[{"href":"https:\/\/gallican-montbrison.fr\/wp\/index.php?rest_route=\/wp\/v2\/pages"}],"about":[{"href":"https:\/\/gallican-montbrison.fr\/wp\/index.php?rest_route=\/wp\/v2\/types\/page"}],"author":[{"embeddable":true,"href":"https:\/\/gallican-montbrison.fr\/wp\/index.php?rest_route=\/wp\/v2\/users\/3"}],"replies":[{"embeddable":true,"href":"https:\/\/gallican-montbrison.fr\/wp\/index.php?rest_route=%2Fwp%2Fv2%2Fcomments&post=676"}],"version-history":[{"count":37,"href":"https:\/\/gallican-montbrison.fr\/wp\/index.php?rest_route=\/wp\/v2\/pages\/676\/revisions"}],"predecessor-version":[{"id":3362,"href":"https:\/\/gallican-montbrison.fr\/wp\/index.php?rest_route=\/wp\/v2\/pages\/676\/revisions\/3362"}],"wp:attachment":[{"href":"https:\/\/gallican-montbrison.fr\/wp\/index.php?rest_route=%2Fwp%2Fv2%2Fmedia&parent=676"}],"curies":[{"name":"wp","href":"https:\/\/api.w.org\/{rel}","templated":true}]}}